{"id":17096,"date":"2026-04-08T11:31:57","date_gmt":"2026-04-08T08:31:57","guid":{"rendered":"https:\/\/www.wagenkull.ee\/seminars\/iedvesmojosas-telpas-wagenkull\/kubar-ja-kaabu\/"},"modified":"2026-04-08T11:38:59","modified_gmt":"2026-04-08T08:38:59","slug":"kubar-ja-kaabu","status":"publish","type":"page","link":"https:\/\/www.wagenkull.ee\/lv\/seminars\/iedvesmojosas-telpas-wagenkull\/kubar-ja-kaabu\/","title":{"rendered":"K\u00fcbar un Kaabu"},"content":{"rendered":"<div class=\"ama-block block-txtmedia is-media-default\"><div class=\"block__body\"><div class=\"body__content\">\n\n<p class=\"wp-el\">K\u00fcbar un Kaabu z\u0101le ir eleganta un cien\u012bga 90 m\u00b2 pla\u0161a telpa, kas lieliski piem\u0113rota gan svin\u012bgu pas\u0101kumu r\u012bko\u0161anai, gan reprezentabliem biznesa pas\u0101kumiem.<\/p>\n\n\n\n<p class=\"wp-el\">Z\u0101l\u0113 augstie griesti un laikmetam atbilsto\u0161as gleznas rada v\u0113sturisku un m\u0101j\u012bgu atmosf\u0113ru. T\u0101 ir priv\u0101ta, no restor\u0101na atdal\u012bta telpa, kas nodro\u0161ina mier\u012bgu un ekskluz\u012bvu vidi. K\u0101 \u012bpa\u0161a pievienot\u0101 v\u0113rt\u012bba no z\u0101les ved k\u0101pnes tie\u0161i uz pils aizmugures d\u0101rzu, \u013caujot pas\u0101kumu \u0113rti papla\u0161in\u0101t ar\u012b \u0101rpus telp\u0101m.<\/p>\n\n\n\n<p class=\"wp-el\">Telpa var uz\u0146emt l\u012bdz 50 person\u0101m U veida izk\u0101rtojum\u0101 un l\u012bdz 60 viesiem pie apa\u013ciem svin\u012bbu galdiem. Maz\u0101k\u0101m grup\u0101m iesp\u0113jams kl\u0101t vienu garu galdu, s\u0101kot no 12 person\u0101m. Vajadz\u012bbas gad\u012bjum\u0101 ir vieta ar\u012b uzst\u0101\u0161an\u0101s dal\u012bbniekiem.<\/p>\n\n\n\n<p class=\"wp-el\">Z\u0101le ir apr\u012bkota ar ska\u013cru\u0146iem, \u0113rtu bufetes zonu, un pa logiem paveras skaists skats uz pils parku, padarot ikvienu pas\u0101kumu neaizmirstamu.<\/p>\n\n<\/div><div class=\"body__media\"><div class=\"splide ama_light_gallery_block\" data-splide={\"type\":\"fade\",\"pagination\":false}><div class=\"splide__track\"><ul class=\"splide__list\"><li class=\"splide__slide\"><a href=\"https:\/\/www.wagenkull.ee\/wp-content\/uploads\/2026\/04\/IMG_1045-1074x1410.jpeg\"><img decoding=\"async\" width=\"690\" height=\"460\" src=\"https:\/\/www.wagenkull.ee\/wp-content\/uploads\/bis-images\/17071\/IMG_1045-690x460-f50_50.jpeg\" class=\"attachment-690x460\" alt=\"IMG_1045\" loading=\"lazy\" \/><\/a><\/li><li class=\"splide__slide\"><a href=\"https:\/\/www.wagenkull.ee\/wp-content\/uploads\/2026\/04\/marikalang-1-940x1410.jpg\"><img decoding=\"async\" width=\"690\" height=\"460\" src=\"https:\/\/www.wagenkull.ee\/wp-content\/uploads\/bis-images\/17076\/marikalang-1-690x460-f50_50.jpg\" class=\"attachment-690x460\" alt=\"marikalang-1\" loading=\"lazy\" \/><\/a><\/li><li class=\"splide__slide\"><a href=\"https:\/\/www.wagenkull.ee\/wp-content\/uploads\/2026\/04\/marikalang-8-940x1410.jpg\"><img decoding=\"async\" width=\"690\" height=\"460\" src=\"https:\/\/www.wagenkull.ee\/wp-content\/uploads\/bis-images\/17081\/marikalang-8-690x460-f50_50.jpg\" class=\"attachment-690x460\" alt=\"marikalang-8\" loading=\"lazy\" \/><\/a><\/li><li class=\"splide__slide\"><a href=\"https:\/\/www.wagenkull.ee\/wp-content\/uploads\/2026\/04\/MartinKosseson-1102-1410x940.jpg\"><img decoding=\"async\" width=\"690\" height=\"460\" src=\"https:\/\/www.wagenkull.ee\/wp-content\/uploads\/bis-images\/17086\/MartinKosseson-1102-690x460-f50_50.jpg\" class=\"attachment-690x460\" alt=\"MartinKosseson-1102\" loading=\"lazy\" \/><\/a><\/li><\/ul><\/div><div class=\"splide__arrows\"><button class=\"splide__arrow splide__arrow--prev\"><svg xmlns=\"http:\/\/www.w3.org\/2000\/svg\" width=\"16\" height=\"12\" viewBox=\"0 0 16 12\"><path d=\"M-2456.747-3425.252a.8.8,0,0,0,0-1.212l-4.04-3.679h11.845A.9.9,0,0,0-2448-3431a.9.9,0,0,0-.941-.857h-11.844l4.039-3.679a.8.8,0,0,0,0-1.212,1.007,1.007,0,0,0-1.331,0l-5.647,5.142a.8.8,0,0,0,0,1.213l5.647,5.142a.99.99,0,0,0,.666.251A.989.989,0,0,0-2456.747-3425.252Z\" transform=\"translate(2464.001 3437.001)\" fill=\"currentColor\"\/><\/svg><\/button><button class=\"splide__arrow splide__arrow--next\"><svg xmlns=\"http:\/\/www.w3.org\/2000\/svg\" width=\"16\" height=\"12\" viewBox=\"0 0 16 12\"><path d=\"M-2455.254-3425.252a.8.8,0,0,1,0-1.212l4.04-3.679h-11.845A.9.9,0,0,1-2464-3431a.9.9,0,0,1,.941-.857h11.844l-4.039-3.679a.8.8,0,0,1,0-1.212,1.007,1.007,0,0,1,1.331,0l5.647,5.142a.8.8,0,0,1,0,1.213l-5.647,5.142a.99.99,0,0,1-.666.251A.989.989,0,0,1-2455.254-3425.252Z\" transform=\"translate(2464.001 3437.001)\" fill=\"currentColor\"\/><\/svg><\/button><\/div><\/div><\/div><\/div><\/div>\n\n\n<div class=\"wp-block-buttons is-layout-flex wp-block-buttons-is-layout-flex\">\n<div class=\"wp-block-button\"><a class=\"wp-block-button__link wp-element-button\" href=\"https:\/\/www.wagenkull.ee\/lv\/informacija\/kontakti\/\">Piepras\u012bt pied\u0101v\u0101jumu<\/a><\/div>\n<\/div>\n\n\n\n<p class=\"wp-el\"><\/p>\n","protected":false},"excerpt":{"rendered":"","protected":false},"author":6,"featured_media":0,"parent":13912,"menu_order":1,"comment_status":"closed","ping_status":"closed","template":"","meta":{"_acf_changed":false,"inline_featured_image":false,"footnotes":""},"class_list":["post-17096","page","type-page","status-publish","hentry"],"acf":[],"_links":{"self":[{"href":"https:\/\/www.wagenkull.ee\/lv\/wp-json\/wp\/v2\/pages\/17096","targetHints":{"allow":["GET"]}}],"collection":[{"href":"https:\/\/www.wagenkull.ee\/lv\/wp-json\/wp\/v2\/pages"}],"about":[{"href":"https:\/\/www.wagenkull.ee\/lv\/wp-json\/wp\/v2\/types\/page"}],"author":[{"embeddable":true,"href":"https:\/\/www.wagenkull.ee\/lv\/wp-json\/wp\/v2\/users\/6"}],"replies":[{"embeddable":true,"href":"https:\/\/www.wagenkull.ee\/lv\/wp-json\/wp\/v2\/comments?post=17096"}],"version-history":[{"count":1,"href":"https:\/\/www.wagenkull.ee\/lv\/wp-json\/wp\/v2\/pages\/17096\/revisions"}],"predecessor-version":[{"id":17100,"href":"https:\/\/www.wagenkull.ee\/lv\/wp-json\/wp\/v2\/pages\/17096\/revisions\/17100"}],"up":[{"embeddable":true,"href":"https:\/\/www.wagenkull.ee\/lv\/wp-json\/wp\/v2\/pages\/13912"}],"wp:attachment":[{"href":"https:\/\/www.wagenkull.ee\/lv\/wp-json\/wp\/v2\/media?parent=17096"}],"curies":[{"name":"wp","href":"https:\/\/api.w.org\/{rel}","templated":true}]}}