{"id":16840,"date":"2026-03-20T10:47:19","date_gmt":"2026-03-20T08:47:19","guid":{"rendered":"https:\/\/www.wagenkull.ee\/restorans\/kevadmenuu\/"},"modified":"2026-03-20T11:06:54","modified_gmt":"2026-03-20T09:06:54","slug":"kevadmenuu","status":"publish","type":"page","link":"https:\/\/www.wagenkull.ee\/lv\/restorans\/kevadmenuu\/","title":{"rendered":"Pavasara \u0113dienkarte"},"content":{"rendered":"<div class=\"ama-block block-foodmenu\" data-block-columns=\"2\"><div class=\"block__body\"><div class=\"card-item\"><div class=\"item__thumb\"><img decoding=\"async\" width=\"450\" height=\"270\" src=\"https:\/\/www.wagenkull.ee\/wp-content\/uploads\/bis-images\/16797\/Wagenkull13.03.26_RiinNurk-bw00019-450x270-f50_50.jpg\" class=\"attachment-450x270\" alt=\"Wagenkull13.03.26_RiinNurk-bw00019\" loading=\"lazy\" \/><\/div><div class=\"item__content\"><div class=\"group__header\"><p class=\"item__title\">Pavasara \u0113dienkarte<\/p><\/div><div class=\"foodmenu-group\"><p class=\"is-title\">Uzkoda<\/p><div class=\"foodmenu__item\"><p>J\u016aRAS KAMMGLIEME\u017dI <span>20\u20ac<\/p><span class=\"is-desc\">Zir\u0146u biezenis, cukurzir\u0146i, baltv\u012bna m\u0113rce, piparm\u0113tru e\u013c\u013ca<\/span><\/div><\/div><div class=\"foodmenu-group\"><p class=\"is-title\">Pamat\u0113diens<\/p><div class=\"foodmenu__item\"><p>GRIL\u0112TA J\u0112RA KAR\u0112 <span>27\u20ac<\/p><span class=\"is-desc\">Kartupe\u013cu biezenis, piparm\u0113tru e\u013c\u013ca, cepts \u0137ir\u0161tom\u0101ts, j\u0113ra buljona\u2013sarkanv\u012bna m\u0113rce<\/span><\/div><\/div><div class=\"foodmenu-group\"><p class=\"is-title\">Deserts<\/p><div class=\"foodmenu__item\"><p>CEPTS BALT\u0100S \u0160OKOL\u0100DES KR\u0112MS <span>10\u20ac<\/p><span class=\"is-desc\">Mande\u013cu krauk\u0161\u0137is, smilts\u0113rk\u0161\u0137u \u017eeleja<\/span><\/div><\/div><\/div><\/div><\/div><\/div>\n\n\n<p class=\"has-text-align-center has-medium-font-size wp-el\"><br>Ja jums ir aler\u0123ijas vai nepanesam\u012bba pret k\u0101diem \u0113dieniem, l\u016bdzu inform\u0113jiet apkalpojo\u0161o person\u0101lu.<\/p>\n\n\n<div  class=\"ama-block block-gallery is-style-slider-v2\"><div class=\"block__body ama_light_gallery_block\"><div class=\"bound-splide\"><div class=\"splide secondary__splide splide-thumbnails\" data-splide={\"type\":\"slide\",\"gap\":\"1.875rem\",\"perPage\":5,\"breakpoints\":{\"420\":{\"perPage\":1},\"568\":{\"perPage\":2},\"768\":{\"perPage\":3},\"991\":{\"perPage\":4}},\"isNavigation\":false,\"pagination\":false}><div class=\"splide__track\"><ul class=\"splide__list\"><li class=\"splide__slide\"><span><a href=\"https:\/\/www.wagenkull.ee\/wp-content\/uploads\/2026\/03\/Wagenkull13.03.26_RiinNurk-bw00005-1410x940.jpg\"><img decoding=\"async\" width=\"210\" height=\"210\" src=\"https:\/\/www.wagenkull.ee\/wp-content\/uploads\/bis-images\/16805\/Wagenkull13.03.26_RiinNurk-bw00005-210x210-f50_50.jpg\" class=\"attachment-210x210\" alt=\"Wagenkull13.03.26_RiinNurk-bw00005\" loading=\"lazy\" \/><\/a><\/span><\/li><li class=\"splide__slide\"><span><a href=\"https:\/\/www.wagenkull.ee\/wp-content\/uploads\/2026\/03\/Wagenkull13.03.26_RiinNurk-bw00019-1410x940.jpg\"><img decoding=\"async\" width=\"210\" height=\"210\" src=\"https:\/\/www.wagenkull.ee\/wp-content\/uploads\/bis-images\/16797\/Wagenkull13.03.26_RiinNurk-bw00019-210x210-f50_50.jpg\" class=\"attachment-210x210\" alt=\"Wagenkull13.03.26_RiinNurk-bw00019\" loading=\"lazy\" \/><\/a><\/span><\/li><li class=\"splide__slide\"><span><a href=\"https:\/\/www.wagenkull.ee\/wp-content\/uploads\/2026\/03\/Wagenkull13.03.26_RiinNurk-bw00031-940x1410.jpg\"><img decoding=\"async\" width=\"210\" height=\"210\" src=\"https:\/\/www.wagenkull.ee\/wp-content\/uploads\/bis-images\/16810\/Wagenkull13.03.26_RiinNurk-bw00031-210x210-f50_50.jpg\" class=\"attachment-210x210\" alt=\"Wagenkull13.03.26_RiinNurk-bw00031\" loading=\"lazy\" \/><\/a><\/span><\/li><\/ul><\/div><div class=\"splide__arrows\"><button class=\"splide__arrow splide__arrow--prev\"><svg xmlns=\"http:\/\/www.w3.org\/2000\/svg\" width=\"16\" height=\"12\" viewBox=\"0 0 16 12\"><path d=\"M-2456.747-3425.252a.8.8,0,0,0,0-1.212l-4.04-3.679h11.845A.9.9,0,0,0-2448-3431a.9.9,0,0,0-.941-.857h-11.844l4.039-3.679a.8.8,0,0,0,0-1.212,1.007,1.007,0,0,0-1.331,0l-5.647,5.142a.8.8,0,0,0,0,1.213l5.647,5.142a.99.99,0,0,0,.666.251A.989.989,0,0,0-2456.747-3425.252Z\" transform=\"translate(2464.001 3437.001)\" fill=\"currentColor\"\/><\/svg><\/button><button class=\"splide__arrow splide__arrow--next\"><svg xmlns=\"http:\/\/www.w3.org\/2000\/svg\" width=\"16\" height=\"12\" viewBox=\"0 0 16 12\"><path d=\"M-2455.254-3425.252a.8.8,0,0,1,0-1.212l4.04-3.679h-11.845A.9.9,0,0,1-2464-3431a.9.9,0,0,1,.941-.857h11.844l-4.039-3.679a.8.8,0,0,1,0-1.212,1.007,1.007,0,0,1,1.331,0l5.647,5.142a.8.8,0,0,1,0,1.213l-5.647,5.142a.99.99,0,0,1-.666.251A.989.989,0,0,1-2455.254-3425.252Z\" transform=\"translate(2464.001 3437.001)\" fill=\"currentColor\"\/><\/svg><\/button><\/div><\/div><\/div><\/div><\/div>","protected":false},"excerpt":{"rendered":"<p>Ja jums ir aler\u0123ijas vai nepanesam\u012bba pret k\u0101diem \u0113dieniem, l\u016bdzu inform\u0113jiet apkalpojo\u0161o person\u0101lu.<\/p>\n","protected":false},"author":6,"featured_media":2694,"parent":14036,"menu_order":108,"comment_status":"closed","ping_status":"closed","template":"","meta":{"_acf_changed":false,"inline_featured_image":false,"footnotes":""},"class_list":["post-16840","page","type-page","status-publish","has-post-thumbnail","hentry"],"acf":[],"_links":{"self":[{"href":"https:\/\/www.wagenkull.ee\/lv\/wp-json\/wp\/v2\/pages\/16840","targetHints":{"allow":["GET"]}}],"collection":[{"href":"https:\/\/www.wagenkull.ee\/lv\/wp-json\/wp\/v2\/pages"}],"about":[{"href":"https:\/\/www.wagenkull.ee\/lv\/wp-json\/wp\/v2\/types\/page"}],"author":[{"embeddable":true,"href":"https:\/\/www.wagenkull.ee\/lv\/wp-json\/wp\/v2\/users\/6"}],"replies":[{"embeddable":true,"href":"https:\/\/www.wagenkull.ee\/lv\/wp-json\/wp\/v2\/comments?post=16840"}],"version-history":[{"count":1,"href":"https:\/\/www.wagenkull.ee\/lv\/wp-json\/wp\/v2\/pages\/16840\/revisions"}],"predecessor-version":[{"id":16845,"href":"https:\/\/www.wagenkull.ee\/lv\/wp-json\/wp\/v2\/pages\/16840\/revisions\/16845"}],"up":[{"embeddable":true,"href":"https:\/\/www.wagenkull.ee\/lv\/wp-json\/wp\/v2\/pages\/14036"}],"wp:featuredmedia":[{"embeddable":true,"href":"https:\/\/www.wagenkull.ee\/lv\/wp-json\/wp\/v2\/media\/2694"}],"wp:attachment":[{"href":"https:\/\/www.wagenkull.ee\/lv\/wp-json\/wp\/v2\/media?parent=16840"}],"curies":[{"name":"wp","href":"https:\/\/api.w.org\/{rel}","templated":true}]}}