{"id":14032,"date":"2025-09-01T09:36:47","date_gmt":"2025-09-01T06:36:47","guid":{"rendered":"https:\/\/www.wagenkull.ee\/seminar\/"},"modified":"2025-11-05T13:38:35","modified_gmt":"2025-11-05T11:38:35","slug":"seminars","status":"publish","type":"page","link":"https:\/\/www.wagenkull.ee\/lv\/seminars\/","title":{"rendered":"Semin\u0101rs"},"content":{"rendered":"\n<h2 class=\"wp-block-heading has-text-align-center wp-el\">Iedvesmas pilna darba un atp\u016btas diena<\/h2>\n\n\n\n<p class=\"has-text-align-center has-semi-large-font-size wp-el\">Domu lidojumu veicina apk\u0101rt eso\u0161\u0101 br\u012bni\u0161\u0137\u012bg\u0101 daba un v\u0113sturisk\u0101 vide. \u0136ermeni un pr\u0101tu mundrina garda pusdiena un vakari\u0146as, kafijas pauzes un vakara atp\u016bta greznaj\u0101 spa un pirts centr\u0101. Spirdzino\u0161u miegu var baud\u012bt m\u0101j\u012bgos pils un Parka m\u0101jas numuros.<\/p>\n\n\n<div class=\"ama-block block-txtmedia is-style-w-bg-grad-right is-media-default\"><div class=\"block__body\"><div class=\"body__content\">\n\n<h2 class=\"wp-block-heading wp-el\">Konference<\/h2>\n\n\n\n<p class=\"wp-el\">Vai tu mekl\u0113 iedvesmojo\u0161u un mier\u012bgu vidi, kur r\u012bkot apm\u0101c\u012bbu vai semin\u0101ru? Wagenk\u00fcll pils SPA ir tam piem\u0113rota vieta.<\/p>\n\n\n\n<div class=\"wp-block-buttons is-layout-flex wp-block-buttons-is-layout-flex\">\n<div class=\"wp-block-button\"><a class=\"wp-block-button__link wp-element-button\">+372 766 6390<\/a><\/div>\n\n\n\n<div class=\"wp-block-button\"><a class=\"wp-block-button__link has-secondary-background-color has-background wp-element-button\" href=\"mailto:info@wagenkull.ee\">info@wagenkull.ee<\/a><\/div>\n<\/div>\n\n<\/div><div class=\"body__media\"><div class=\"splide ama_light_gallery_block\" data-splide={\"type\":\"fade\",\"arrows\":false,\"pagination\":false}><div class=\"splide__track\"><ul class=\"splide__list\"><li class=\"splide__slide\"><a href=\"https:\/\/www.wagenkull.ee\/wp-content\/uploads\/2025\/09\/DSC_5754-1410x940.jpg\"><img decoding=\"async\" width=\"690\" height=\"460\" src=\"https:\/\/www.wagenkull.ee\/wp-content\/uploads\/bis-images\/1723\/DSC_5754-690x460-f50_50.jpg\" class=\"attachment-690x460\" alt=\"DSC_5754\" loading=\"lazy\" \/><\/a><\/li><\/ul><\/div><\/div><\/div><\/div><\/div>\n\n\n<p class=\"has-text-align-center has-semi-large-font-size wp-el\">Semin\u0101ru z\u0101le Anna Sofia te\u0101tra s\u0113dvietu izk\u0101rtojum\u0101 var uz\u0146emt l\u012bdz 70 cilv\u0113kiem.<\/p>\n\n\n\n<p class=\"has-text-align-center has-semi-large-font-size wp-el\">Krist\u0101la z\u0101le ir ide\u0101la vieta \u012bpa\u0161u notikumu svin\u0113\u0161anai \u2013 z\u0101le ar grezniem lustr\u0101m, kas te\u0101tra s\u0113dvietu izk\u0101rtojum\u0101 var uz\u0146emt l\u012bdz 300 cilv\u0113kiem un pied\u0101v\u0101 greznu un elegantu atmosf\u0113ru ar skatu uz v\u0113sturisko pili un Taageperas ezeru.<\/p>\n\n\n\n<p class=\"has-text-align-center wp-el\">Divas z\u0101les \u2013 Tornis un Parka m\u0101ja \u2013 nodro\u0161ina telpu san\u0101ksm\u0113m l\u012bdz 20 cilv\u0113kiem.<\/p>\n\n\n\n<p class=\"has-text-align-center wp-el\">Cen\u0101 iek\u013cauts: ekr\u0101ns, datu projektors, pap\u012bra t\u0101fele ar mar\u0137ieriem, rakst\u0101mpiederumi un pap\u012brs dal\u012bbniekiem, k\u0101 ar\u012b WiFi piesl\u0113gums.<\/p>\n\n\n\n<p class=\"wp-el\"><\/p>\n\n\n\n<figure class=\"wp-block-table wp-el\"><table><thead><tr><th>Telpa<\/th><th>Plat\u012bba <strong>m<\/strong><sup>2<\/sup><\/th><th>Bankets<\/th><th>Pie\u0146em\u0161ana<\/th><th>Te\u0101tra izk\u0101rtojums<\/th><th>U veida<\/th><th>Kla\u0161u izk\u0101rtojums<\/th><th>Cena stund\u0101<\/th><th>Min. izmanto\u0161ana<\/th><th>Cena dien\u0101 (8 h)<\/th><\/tr><\/thead><tbody><tr><td><a href=\"https:\/\/www.wagenkull.ee\/lv\/seminars\/iedvesmojosas-telpas-wagenkull\/anna-sofia-zale\/\" data-type=\"link\" data-id=\"https:\/\/www.wagenkull.ee\/lv\/seminars\/iedvesmojosas-telpas-wagenkull\/anna-sofia-zale\/\">Anna Sofia<\/a><\/td><td>78<\/td><td>70<\/td><td>80<\/td><td>70<\/td><td>45<\/td><td>45<\/td><td>50\u20ac<\/td><td>100\u20ac<\/td><td>350\u20ac<\/td><\/tr><tr><td><a href=\"https:\/\/www.wagenkull.ee\/lv\/seminars\/iedvesmojosas-telpas-wagenkull\/tornis\/\" data-type=\"link\" data-id=\"https:\/\/www.wagenkull.ee\/lv\/seminars\/iedvesmojosas-telpas-wagenkull\/tornis\/\">Tornis<\/a><\/td><td>44<\/td><td>&#8211;<\/td><td>&#8211;<\/td><td>&#8211;<\/td><td>20<\/td><td>&#8211;<\/td><td>&#8211;<\/td><td>100\u20ac<\/td><td>125\u20ac<\/td><\/tr><tr><td><a href=\"https:\/\/www.wagenkull.ee\/lv\/seminars\/iedvesmojosas-telpas-wagenkull\/parka-majas-sanaksmju-telpa\/\" data-type=\"link\" data-id=\"https:\/\/www.wagenkull.ee\/lv\/seminars\/iedvesmojosas-telpas-wagenkull\/parka-majas-sanaksmju-telpa\/\">San\u0101ksmju telpa<\/a><\/td><td>22<\/td><td>&#8211;<\/td><td>&#8211;<\/td><td>&#8211;<\/td><td>20<\/td><td>&#8211;<\/td><td>&#8211;<\/td><td>100\u20ac<\/td><td>160\u20ac<\/td><\/tr><tr><td><a href=\"https:\/\/www.wagenkull.ee\/lv\/seminars\/iedvesmojosas-telpas-wagenkull\/parka-majas-kristala-zale\/\" data-type=\"link\" data-id=\"https:\/\/www.wagenkull.ee\/lv\/seminars\/iedvesmojosas-telpas-wagenkull\/parka-majas-kristala-zale\/\">Krist\u0101la z\u0101le<\/a><\/td><td>220<\/td><td>150<\/td><td>300<\/td><td>300<\/td><td>60<\/td><td>110<\/td><td> 150\u20ac<\/td><td>450\u20ac<\/td><td>850\u20ac<\/td><\/tr><\/tbody><\/table><\/figure>\n\n\n\n<div class=\"wp-block-buttons is-content-justification-center is-layout-flex wp-container-core-buttons-is-layout-a89b3969 wp-block-buttons-is-layout-flex\">\n<div class=\"wp-block-button\"><a class=\"wp-block-button__link wp-element-button\" href=\"https:\/\/www.wagenkull.ee\/lv\/restorans\/kafijas-pauzes\/\">Kafijas pauze<\/a><\/div>\n\n\n\n<div class=\"wp-block-button\"><a class=\"wp-block-button__link has-secondary-background-color has-background wp-element-button\" href=\"https:\/\/www.wagenkull.ee\/lv\/restorans\/grupu-edienkartes\/\">Grupu \u0113dienkarte<\/a><\/div>\n\n\n\n<div class=\"wp-block-button is-style-outline is-style-outline--1\"><a class=\"wp-block-button__link has-secondary-background-color has-background wp-element-button\" href=\"https:\/\/www.wagenkull.ee\/lv\/restorans\/bufetes-edienkartes\/\">Bufete<\/a><\/div>\n<\/div>\n\n\n<div class=\"ama-block block-txtmedia is-style-w-bg-grad-left is-media-default\"><div class=\"block__body\"><div class=\"body__content\">\n\n<h2 class=\"wp-block-heading wp-el\">Firmas ball\u012btes<\/h2>\n\n\n\n<p class=\"wp-el\">Wagenk\u00fcll ir lieliski piem\u0113rota vieta ar\u012b aizraujo\u0161u un aktivit\u0101t\u0113m bag\u0101tu firmas pas\u0101kumu r\u012bko\u0161anai. M\u0113s pied\u0101v\u0101jam \u0113rtu nak\u0161\u0146o\u0161anu v\u0113sturiskaj\u0101 Wagenk\u00fcll pils SPA l\u012bdz 150 viesiem, gardus \u0113dienus, grezn\u0101 spa un pirts centra apmekl\u0113jumu, k\u0101 ar\u012b atsl\u0101bino\u0161as un daudzveid\u012bgas proced\u016bras.<\/p>\n\n\n\n<p class=\"wp-el\">Vakara izklaidei labpr\u0101t iesak\u0101m m\u016bzi\u0137us un da\u017e\u0101dus izpild\u012bt\u0101jus.<\/p>\n\n\n\n<p class=\"wp-el\">L\u016bdzu, sazinies ar mums, lai sar\u012bkotu \u0161\u012b gada lab\u0101ko firmas ball\u012bti Wagenk\u00fcll!<\/p>\n\n\n\n<div class=\"wp-block-buttons is-layout-flex wp-block-buttons-is-layout-flex\">\n<div class=\"wp-block-button\"><a class=\"wp-block-button__link wp-element-button\">+372 766 6390<\/a><\/div>\n\n\n\n<div class=\"wp-block-button\"><a class=\"wp-block-button__link has-secondary-background-color has-background wp-element-button\" href=\"mailto:info@wagenkull.ee\">info@wagenkull.ee<\/a><\/div>\n<\/div>\n\n<\/div><div class=\"body__media\"><div class=\"splide ama_light_gallery_block\" data-splide={\"type\":\"fade\",\"arrows\":false,\"pagination\":false}><div class=\"splide__track\"><ul class=\"splide__list\"><li class=\"splide__slide\"><a href=\"https:\/\/www.wagenkull.ee\/wp-content\/uploads\/2025\/09\/kristallisaal-1410x940.jpg\"><img decoding=\"async\" width=\"690\" height=\"460\" src=\"https:\/\/www.wagenkull.ee\/wp-content\/uploads\/bis-images\/1683\/kristallisaal-690x460-f50_50.jpg\" class=\"attachment-690x460\" alt=\"kristallisaal\" loading=\"lazy\" \/><\/a><\/li><\/ul><\/div><\/div><\/div><\/div><\/div>\n\n\n<div  class=\"ama-block block-offers\">\n\n            <div class=\"block__header\"><h2>Semin\u0101ru paketes<\/h2><\/div>    \n    <div class=\"block__body\">\n        \n                                                                    <a href=\"https:\/\/www.wagenkull.ee\/lv\/viesnica\/paketes\/kulda-vaart-toopaev\/\" class=\"item card-item cat-seminaru-paketes is-offer\"><div class=\"item__thumb\"><img decoding=\"async\" width=\"330\" height=\"330\" src=\"https:\/\/www.wagenkull.ee\/wp-content\/uploads\/bis-images\/996\/SEMINARIPAKETT-330x330-f50_50.webp\" class=\"attachment-330x330\" alt=\"SEMINARIPAKETT\" loading=\"lazy\" \/><\/div><div class=\"item__content\"><div class=\"are-tags\"><span class=\"is-tag\">Semin\u0101ru paketes<\/span><\/div><p class=\"is-title\">Zelta v\u0113rta darba diena<\/p><div class=\"is-excerpt\"><p>J\u016bs gaida eleganti grezna un ar m\u016bsdien\u012bg\u0101m iesp\u0113j\u0101m apr\u012bkota semin\u0101ru z\u0101le \u201cAnna Sofia\u201d, pazem\u0113 eso\u0161s pils SPA un pils saimniec\u012bbas lab\u0101kie \u0113dieni no viet\u0113j\u0101m med\u012bbu viet\u0101m. N\u0101ciet un pavadiet zelta v\u0113rtu darba dienu T \u0101geperas pil\u012b ar p\u0113c semin\u0101ra atp\u016btu Wagenk\u00fcll pils SPA.<\/p>\n<\/div><\/div><div class=\"item__end wp-block-button is-style-outline\"><span class=\"wp-block-button__link has-secondary-background-color\">Skat\u012bt vair\u0101k<\/span><\/div><\/a>                                                                                    <a href=\"https:\/\/www.wagenkull.ee\/lv\/viesnica\/paketes\/ziemassvetku-vakars-kristala-mirdzuma\/\" class=\"item card-item cat-seminaru-paketes is-offer\"><div class=\"item__thumb\"><img decoding=\"async\" width=\"330\" height=\"330\" src=\"https:\/\/www.wagenkull.ee\/wp-content\/uploads\/bis-images\/1008\/AAA07209-330x330-f50_50.webp\" class=\"attachment-330x330\" alt=\"AAA07209\" loading=\"lazy\" \/><\/div><div class=\"item__content\"><div class=\"are-tags\"><span class=\"is-tag\">Semin\u0101ru paketes<\/span><\/div><p class=\"is-title\">Ziemassv\u0113tku vakars krist\u0101la mirdzum\u0101<\/p><div class=\"is-excerpt\"><p>J\u016bs gaida \u0113rti viesn\u012bcas numuri Parka m\u0101j\u0101, sv\u0113tku vakars skaistaj\u0101 Krist\u0101lz\u0101l\u0113 ar lustr\u0101m, relaks\u0113jo\u0161s spa un pirts komplekss, k\u0101 ar\u012b bag\u0101t\u012bgas brokastis. N\u0101ciet un pavadiet neaizmirstamu laiku, ko ieskauj grezn\u012bba, labsaj\u016bta un Ziemassv\u0113tku ma\u0123ija!<\/p>\n<\/div><\/div><div class=\"item__end wp-block-button is-style-outline\"><span class=\"wp-block-button__link has-secondary-background-color\">Skat\u012bt vair\u0101k<\/span><\/div><\/a>                            \n            <\/div>\n\n    <\/div>\n\n\n<div  class=\"ama-block block-gallery is-style-masonry\"><div class=\"block__body ama_light_gallery_block\"><div class=\"gallery gallery-masonry\"><figure class=\"grid-item gallery-item img-360x400\"><a href=\"https:\/\/www.wagenkull.ee\/wp-content\/uploads\/2025\/09\/anna_sofia_konverents_moisas-scaled-1-1410x940.jpg\"><img decoding=\"async\" width=\"360\" height=\"400\" src=\"https:\/\/www.wagenkull.ee\/wp-content\/uploads\/bis-images\/1688\/anna_sofia_konverents_moisas-scaled-1-360x400-f50_50.jpg\" class=\"attachment-360x400\" alt=\"anna_sofia_konverents_moisas-scaled\" loading=\"lazy\" \/><\/a><\/figure><figure class=\"grid-item gallery-item img-360x400\"><a href=\"https:\/\/www.wagenkull.ee\/wp-content\/uploads\/2025\/09\/AAA08070-scaled-1-1410x847.jpg\"><img decoding=\"async\" width=\"360\" height=\"400\" src=\"https:\/\/www.wagenkull.ee\/wp-content\/uploads\/bis-images\/1693\/AAA08070-scaled-1-360x400-f50_50.jpg\" class=\"attachment-360x400\" alt=\"AAA08070-scaled\" loading=\"lazy\" \/><\/a><\/figure><figure class=\"grid-item gallery-item img-360x270\"><a href=\"https:\/\/www.wagenkull.ee\/wp-content\/uploads\/2025\/09\/anna_sofia_konverents1-scaled-1-1410x810.jpg\"><img decoding=\"async\" width=\"360\" height=\"270\" src=\"https:\/\/www.wagenkull.ee\/wp-content\/uploads\/bis-images\/1698\/anna_sofia_konverents1-scaled-1-360x270-f50_50.jpg\" class=\"attachment-360x270\" alt=\"anna_sofia_konverents1-scaled\" loading=\"lazy\" \/><\/a><\/figure><figure class=\"grid-item gallery-item img-360x230\"><a href=\"https:\/\/www.wagenkull.ee\/wp-content\/uploads\/2025\/09\/T_Merili-10-scaled-1-1410x940.jpg\"><img decoding=\"async\" width=\"360\" height=\"230\" src=\"https:\/\/www.wagenkull.ee\/wp-content\/uploads\/bis-images\/1703\/T_Merili-10-scaled-1-360x230-f50_50.jpg\" class=\"attachment-360x230\" alt=\"T_Merili-10-scaled\" loading=\"lazy\" \/><\/a><\/figure><figure class=\"grid-item gallery-item img-360x270\"><a href=\"https:\/\/www.wagenkull.ee\/wp-content\/uploads\/2025\/09\/Anna_Sofia-4-1410x940.jpg\"><img decoding=\"async\" width=\"360\" height=\"270\" src=\"https:\/\/www.wagenkull.ee\/wp-content\/uploads\/bis-images\/1708\/Anna_Sofia-4-360x270-f50_50.jpg\" class=\"attachment-360x270\" alt=\"Anna_Sofia-4\" loading=\"lazy\" \/><\/a><\/figure><figure class=\"grid-item gallery-item img-630x440\"><a href=\"https:\/\/www.wagenkull.ee\/wp-content\/uploads\/2025\/09\/DSC_9539-scaled-1-940x1410.jpg\"><img decoding=\"async\" width=\"630\" height=\"440\" src=\"https:\/\/www.wagenkull.ee\/wp-content\/uploads\/bis-images\/1713\/DSC_9539-scaled-1-630x440-f50_50.jpg\" class=\"attachment-630x440\" alt=\"DSC_9539-scaled\" loading=\"lazy\" \/><\/a><\/figure><figure class=\"grid-item gallery-item img-360x360\"><a href=\"https:\/\/www.wagenkull.ee\/wp-content\/uploads\/2025\/09\/kristallisaal_3-scaled-1-1410x940.jpg\"><img decoding=\"async\" width=\"360\" height=\"360\" src=\"https:\/\/www.wagenkull.ee\/wp-content\/uploads\/bis-images\/1718\/kristallisaal_3-scaled-1-360x360-f50_50.jpg\" class=\"attachment-360x360\" alt=\"kristallisaal_3-scaled\" loading=\"lazy\" \/><\/a><\/figure><figure class=\"grid-item gallery-item img-240x360 is-overlay-item\"><a href=\"https:\/\/www.wagenkull.ee\/wp-content\/uploads\/2025\/09\/DSC_5754-1410x940.jpg\"><img decoding=\"async\" width=\"240\" height=\"360\" src=\"https:\/\/www.wagenkull.ee\/wp-content\/uploads\/bis-images\/1723\/DSC_5754-240x360-f50_50.jpg\" class=\"attachment-240x360\" alt=\"DSC_5754\" loading=\"lazy\" \/><span class=\"gallery--overlay is-always-visible\">7+ mediju ieraksti<\/span><\/a><\/figure><figure class=\"grid-item gallery-item  d-none\"><a href=\"https:\/\/www.wagenkull.ee\/wp-content\/uploads\/2025\/09\/anna_sofia_konverents-scaled-1-1410x816.jpg\"><\/a><\/figure><figure class=\"grid-item gallery-item  d-none\"><a href=\"https:\/\/www.wagenkull.ee\/wp-content\/uploads\/2025\/09\/wagenkull_anna_sofia_konverents-scaled-1-1410x894.jpg\"><\/a><\/figure><figure class=\"grid-item gallery-item  d-none\"><a href=\"https:\/\/www.wagenkull.ee\/wp-content\/uploads\/2025\/09\/AAA08130-scaled-1-1410x940.jpg\"><\/a><\/figure><figure class=\"grid-item gallery-item  d-none\"><a href=\"https:\/\/www.wagenkull.ee\/wp-content\/uploads\/2025\/09\/AAA08118-scaled-1-1410x940.jpg\"><\/a><\/figure><figure class=\"grid-item gallery-item  d-none\"><a href=\"https:\/\/www.wagenkull.ee\/wp-content\/uploads\/2025\/09\/kristallisaal-scaled-1-1410x940.jpg\"><\/a><\/figure><figure class=\"grid-item gallery-item  d-none\"><a href=\"https:\/\/www.wagenkull.ee\/wp-content\/uploads\/2025\/09\/image00006-scaled-1-942x1410.jpeg\"><\/a><\/figure><figure class=\"grid-item gallery-item  d-none\"><a href=\"https:\/\/www.wagenkull.ee\/wp-content\/uploads\/2025\/09\/DSC_5972-1410x940.jpg\"><\/a><\/figure><\/div><\/div><\/div>","protected":false},"excerpt":{"rendered":"<p>Iedvesmas pilna darba un atp\u016btas diena Domu lidojumu veicina apk\u0101rt eso\u0161\u0101 br\u012bni\u0161\u0137\u012bg\u0101 daba un v\u0113sturisk\u0101 vide. \u0136ermeni un pr\u0101tu mundrina&#8230;<\/p>\n","protected":false},"author":1,"featured_media":0,"parent":0,"menu_order":146,"comment_status":"closed","ping_status":"closed","template":"","meta":{"_acf_changed":false,"inline_featured_image":false,"footnotes":""},"class_list":["post-14032","page","type-page","status-publish","hentry"],"acf":[],"_links":{"self":[{"href":"https:\/\/www.wagenkull.ee\/lv\/wp-json\/wp\/v2\/pages\/14032","targetHints":{"allow":["GET"]}}],"collection":[{"href":"https:\/\/www.wagenkull.ee\/lv\/wp-json\/wp\/v2\/pages"}],"about":[{"href":"https:\/\/www.wagenkull.ee\/lv\/wp-json\/wp\/v2\/types\/page"}],"author":[{"embeddable":true,"href":"https:\/\/www.wagenkull.ee\/lv\/wp-json\/wp\/v2\/users\/1"}],"replies":[{"embeddable":true,"href":"https:\/\/www.wagenkull.ee\/lv\/wp-json\/wp\/v2\/comments?post=14032"}],"version-history":[{"count":4,"href":"https:\/\/www.wagenkull.ee\/lv\/wp-json\/wp\/v2\/pages\/14032\/revisions"}],"predecessor-version":[{"id":15222,"href":"https:\/\/www.wagenkull.ee\/lv\/wp-json\/wp\/v2\/pages\/14032\/revisions\/15222"}],"wp:attachment":[{"href":"https:\/\/www.wagenkull.ee\/lv\/wp-json\/wp\/v2\/media?parent=14032"}],"curies":[{"name":"wp","href":"https:\/\/api.w.org\/{rel}","templated":true}]}}