{"id":14028,"date":"2025-09-01T09:37:33","date_gmt":"2025-09-01T06:37:33","guid":{"rendered":"https:\/\/www.wagenkull.ee\/sundmused\/"},"modified":"2025-11-05T13:41:29","modified_gmt":"2025-11-05T11:41:29","slug":"wagenkull-notikumi","status":"publish","type":"page","link":"https:\/\/www.wagenkull.ee\/lv\/wagenkull-notikumi\/","title":{"rendered":"Notikumi"},"content":{"rendered":"\n<p class=\"has-text-align-center has-semi-large-font-size wp-el\">Wagenk\u00fcll pils SPA ir \u012bpa\u0161a vieta \u2013 \u0161eit savijas elegance un lauku vide, v\u0113sture un m\u016bsdienas.<br>Inform\u0101cija un rezerv\u0101cijas: <a href=\"tel:3727666390\">+372 766 6390<\/a>, <a href=\"mailto:info@wagenkull.ee\">info@wagenkull.ee<\/a><\/p>\n\n\n<div class=\"ama-block block-txtmedia is-style-w-bg-grad-left is-media-wide\"><div class=\"block__body\"><div class=\"body__content\">\n\n<h2 class=\"wp-block-heading wp-el\">Neaizmirstami mirk\u013ci Wagenk\u00fcll pils SPA<\/h2>\n\n\n\n<p class=\"wp-el\">\u0160eit var r\u012bkot k\u0101zas gan v\u0113rien\u012bgi, gan pavisam priv\u0101ti \u2013 tikai tu un vi\u0146\u0161\/vi\u0146a. Seko saviem sap\u0146iem un padari \u0161o dienu neaizmirstamu visiem saviem tuviniekiem.<\/p>\n\n\n\n<p class=\"wp-el\">Vai ar\u012b tu mekl\u0113 iedvesmojo\u0161u un mier\u012bgu vidi, kur r\u012bkot apm\u0101c\u012bbu vai semin\u0101ru \u2013 pils SPA Wagenk\u00fcll ir tam piem\u0113rota vieta. Domu lidojumu veicina br\u012bni\u0161\u0137\u012bg\u0101 daba un v\u0113sturisk\u0101 vide tev apk\u0101rt.<\/p>\n\n\n\n<p class=\"wp-el\">M\u0113s pied\u0101v\u0101jam \u0113rtu nak\u0161\u0146o\u0161anu v\u0113sturiskaj\u0101 Wagenk\u00fcll pils SPA l\u012bdz 150 viesiem, gardus \u0113dienus, grezn\u0101 spa un pirts centra apmekl\u0113jumu, k\u0101 ar\u012b atsl\u0101bino\u0161as un daudzveid\u012bgas proced\u016bras.<\/p>\n\n<\/div><div class=\"body__media\"><div class=\"splide ama_light_gallery_block\" data-splide={\"type\":\"fade\",\"arrows\":false,\"pagination\":false}><div class=\"splide__track\"><ul class=\"splide__list\"><li class=\"splide__slide\"><a href=\"https:\/\/www.wagenkull.ee\/wp-content\/uploads\/2025\/08\/AAA07895-1410x940.png\"><img decoding=\"async\" width=\"975\" height=\"640\" src=\"https:\/\/www.wagenkull.ee\/wp-content\/uploads\/bis-images\/13503\/AAA07895-975x640-f50_50.png\" class=\"attachment-975x640\" alt=\"AAA07895\" loading=\"lazy\" \/><\/a><\/li><\/ul><\/div><\/div><\/div><\/div><\/div>\n\n<div class=\"ama-block block-cards\" data-block-columns=\"2\"><div class=\"block__body\"><a href=\"https:\/\/www.wagenkull.ee\/lv\/wagenkull-notikumi\/kazas-wagenkulli\/\" class=\"card-item has-link\"><div class=\"item__thumb\"><img decoding=\"async\" width=\"690\" height=\"420\" src=\"https:\/\/www.wagenkull.ee\/wp-content\/uploads\/bis-images\/1783\/18.05.2024_1_Taavi-Bergmann-690x420-f50_50.webp\" class=\"attachment-690x420\" alt=\"18.05.2024_1_Taavi-Bergmann\" loading=\"lazy\" \/><\/div><div class=\"item__content\"><p class=\"is-title\">K\u0101zas<\/p><div class=\"classic-editor\"><p>Pie mums iesp\u0113jams r\u012bkot pasakainas k\u0101zas l\u012bdz pat 140 cilv\u0113kiem. Wagenk\u00fcll pils SPA ir \u012bpa\u0161a vieta \u2013 \u0161eit savijas elegance un lauku vide, v\u0113sture un m\u016bsdienas. \u0160eit var r\u012bkot k\u0101zas gan v\u0113rien\u012bgi, gan pavisam priv\u0101ti \u2013 tikai tu un vi\u0146\u0161\/vi\u0146a. Seko saviem sap\u0146iem un padari \u0161o dienu neaizmirstamu visiem saviem tuviniekiem.<\/p>\n<\/div><\/div><div class=\"item__end wp-block-button is-style-simple\"><span class=\"wp-block-button__link\">Skat\u012bt vair\u0101k<\/span><\/div><\/a><a href=\"https:\/\/www.wagenkull.ee\/lv\/wagenkull-notikumi\/dzimsanas-dienas-wagenkulli\/\" class=\"card-item has-link\"><div class=\"item__thumb\"><img decoding=\"async\" width=\"690\" height=\"420\" src=\"https:\/\/www.wagenkull.ee\/wp-content\/uploads\/bis-images\/6387\/wagenkyll-492-690x420-f50_50.jpg\" class=\"attachment-690x420\" alt=\"wagenkyll-492\" loading=\"lazy\" \/><\/div><div class=\"item__content\"><p class=\"is-title\">Dzim\u0161anas dienas<\/p><div class=\"classic-editor\"><p>N\u0101c un j\u016bties grezni, pavadot laiku pil\u012b k\u0101 barons vai baronese! Dzim\u0161anas dienas svin\u012bbu izdo\u0161anos liel\u0101 m\u0113r\u0101 nosaka vietas izv\u0113le, garda vakari\u0146a un jautri viesi. \u0160im nol\u016bkam Wagenk\u00fcll pils SPA ir gatavs pied\u0101v\u0101t tev pat\u012bkamu atmosf\u0113ru m\u016bsu skaistaj\u0101 pils vid\u0113 un kl\u0101t tev greznu sv\u0113tku galdu ar izsmalcin\u0101tiem \u0113dieniem un pla\u0161u dz\u0113rienu izv\u0113li. Atkar\u012bb\u0101 no viesu skaita galdi tiek kl\u0101ti m\u0101j\u012bgaj\u0101 1930. gadu stil\u0101 veidotaj\u0101 restor\u0101n\u0101 \u201eCepure un Platmale\u201d.<\/p>\n<\/div><\/div><div class=\"item__end wp-block-button is-style-simple\"><span class=\"wp-block-button__link\">Skat\u012bt vair\u0101k<\/span><\/div><\/a><a href=\"https:\/\/www.wagenkull.ee\/lv\/wagenkull-notikumi\/komandas-pasakumi\/\" class=\"card-item has-link\"><div class=\"item__thumb\"><img decoding=\"async\" width=\"690\" height=\"420\" src=\"https:\/\/www.wagenkull.ee\/wp-content\/uploads\/bis-images\/1733\/wagenkull_anna_sofia_konverents-scaled-1-690x420-f50_50.jpg\" class=\"attachment-690x420\" alt=\"wagenkull_anna_sofia_konverents-scaled\" loading=\"lazy\" \/><\/div><div class=\"item__content\"><p class=\"is-title\">Komandas pas\u0101kumi<\/p><div class=\"classic-editor\"><p>Wagenk\u00fcll pils SPA ir vieta, kur komandas pas\u0101kumi ieg\u016bst jaunu noz\u012bmi. \u0160eit sastopas v\u0113sturiska elegance, nomierino\u0161a daba un m\u016bsdien\u012bgs komforts \u2013 viss, lai rad\u012btu vidi, kas veicina domu lidojumu, sadarb\u012bbu un rado\u0161umu.<\/p>\n<\/div><\/div><div class=\"item__end wp-block-button is-style-simple\"><span class=\"wp-block-button__link\">Skat\u012bt vair\u0101k<\/span><\/div><\/a><a href=\"https:\/\/www.wagenkull.ee\/lv\/wagenkull-notikumi\/viss-komplekss\/\" class=\"card-item has-link\"><div class=\"item__thumb\"><img decoding=\"async\" width=\"690\" height=\"420\" src=\"https:\/\/www.wagenkull.ee\/wp-content\/uploads\/bis-images\/3391\/AAA06133_opt-690x420-f50_50.jpg\" class=\"attachment-690x420\" alt=\"AAA06133_opt\" loading=\"lazy\" \/><\/div><div class=\"item__content\"><p class=\"is-title\">Viss komplekss<\/p><div class=\"classic-editor\"><p>Wagenk\u00fcll viesn\u012bcu komplekss pied\u0101v\u0101 tev elast\u012bgas iesp\u0113jas jebkuram pas\u0101kumam \u2013 vai t\u0101 b\u016btu romantiska atp\u016bta, svin\u012bgs pie\u0146em\u0161anas vakars vai v\u0113rien\u012bgas kop\u0101 san\u0101k\u0161anas.<\/p>\n<\/div><\/div><div class=\"item__end wp-block-button is-style-simple\"><span class=\"wp-block-button__link\">Skat\u012bt vair\u0101k<\/span><\/div><\/a><\/div><\/div>","protected":false},"excerpt":{"rendered":"<p>Wagenk\u00fcll pils SPA ir \u012bpa\u0161a vieta \u2013 \u0161eit savijas elegance un lauku vide, v\u0113sture un m\u016bsdienas.Inform\u0101cija un rezerv\u0101cijas: +372 766&#8230;<\/p>\n","protected":false},"author":1,"featured_media":0,"parent":0,"menu_order":182,"comment_status":"closed","ping_status":"closed","template":"","meta":{"_acf_changed":false,"inline_featured_image":false,"footnotes":""},"class_list":["post-14028","page","type-page","status-publish","hentry"],"acf":[],"_links":{"self":[{"href":"https:\/\/www.wagenkull.ee\/lv\/wp-json\/wp\/v2\/pages\/14028","targetHints":{"allow":["GET"]}}],"collection":[{"href":"https:\/\/www.wagenkull.ee\/lv\/wp-json\/wp\/v2\/pages"}],"about":[{"href":"https:\/\/www.wagenkull.ee\/lv\/wp-json\/wp\/v2\/types\/page"}],"author":[{"embeddable":true,"href":"https:\/\/www.wagenkull.ee\/lv\/wp-json\/wp\/v2\/users\/1"}],"replies":[{"embeddable":true,"href":"https:\/\/www.wagenkull.ee\/lv\/wp-json\/wp\/v2\/comments?post=14028"}],"version-history":[{"count":3,"href":"https:\/\/www.wagenkull.ee\/lv\/wp-json\/wp\/v2\/pages\/14028\/revisions"}],"predecessor-version":[{"id":15228,"href":"https:\/\/www.wagenkull.ee\/lv\/wp-json\/wp\/v2\/pages\/14028\/revisions\/15228"}],"wp:attachment":[{"href":"https:\/\/www.wagenkull.ee\/lv\/wp-json\/wp\/v2\/media?parent=14028"}],"curies":[{"name":"wp","href":"https:\/\/api.w.org\/{rel}","templated":true}]}}