{"id":14016,"date":"2025-09-01T09:50:53","date_gmt":"2025-09-01T06:50:53","guid":{"rendered":"https:\/\/www.wagenkull.ee\/sunnipaevad-wagenkullis\/"},"modified":"2025-11-05T13:42:06","modified_gmt":"2025-11-05T11:42:06","slug":"dzimsanas-dienas-wagenkulli","status":"publish","type":"page","link":"https:\/\/www.wagenkull.ee\/lv\/wagenkull-notikumi\/dzimsanas-dienas-wagenkulli\/","title":{"rendered":"Dzim\u0161anas dienas Wagenk\u00fcll\u012b"},"content":{"rendered":"\n<p class=\"has-text-align-center has-semi-large-font-size wp-el\">N\u0101c un j\u016bties grezni, pavadot laiku pil\u012b k\u0101 barons vai baronese!<\/p>\n\n\n\n<p class=\"has-text-align-center has-semi-large-font-size wp-el\">Inform\u0101cija un rezerv\u0101cijas: <a href=\"tel:3727666390\">+372 766 6390<\/a>, <a href=\"mailto:info@wagenkull.ee\">info@wagenkull.ee<\/a><\/p>\n\n\n<div class=\"ama-block block-txtmedia is-style-w-bg-grad-left reverse-order is-media-default\"><div class=\"block__body\"><div class=\"body__content\">\n\n<h2 class=\"wp-block-heading wp-el\">Dzim\u0161anas diena svin\u012bgi Wagenk\u00fcll pils SPA<\/h2>\n\n\n\n<p class=\"wp-el\">Dzim\u0161anas dienas svin\u012bbu izdo\u0161anos liel\u0101 m\u0113r\u0101 nosaka svin\u012bbu vieta, garda vakari\u0146a un jautri viesi. \u0160im nol\u016bkam Wagenk\u00fcll pils SPA ir gatavs pied\u0101v\u0101t tev pat\u012bkamu atmosf\u0113ru m\u016bsu skaistaj\u0101 pils vid\u0113 un kl\u0101t tev skaistu un svin\u012bgu dzim\u0161anas dienas galdu ar izsmalcin\u0101tiem \u0113dieniem un pla\u0161u dz\u0113rienu izv\u0113li. Atkar\u012bb\u0101 no viesu skaita galdi tiek kl\u0101ti m\u0101j\u012bgaj\u0101 1930. gadu stil\u0101 veidotaj\u0101 restor\u0101n\u0101 \u201eCepure un Platmale\u201d.<\/p>\n\n\n\n<p class=\"wp-el\">Lai viesiem neb\u016btu j\u0101dodas prom p\u0101r\u0101k agri, pied\u0101v\u0101jam nak\u0161\u0146o\u0161anu m\u016bsu pils SPA m\u0101j\u012bgajos numuros l\u012bdz pat 150 viesiem; nak\u0161\u0146o\u0161anas cen\u0101 ir iek\u013cautas brokastis un neierobe\u017eots spa un pirts centra apmekl\u0113jums. Turkl\u0101t viesiem, ja vi\u0146i to v\u0113las, ir iesp\u0113ja izbaud\u012bt m\u016bsu pils SPA relaks\u0113jo\u0161\u0101s un daudzveid\u012bg\u0101s proced\u016bras.<\/p>\n\n\n\n<div class=\"wp-block-buttons is-layout-flex wp-block-buttons-is-layout-flex\">\n<div class=\"wp-block-button\"><a class=\"wp-block-button__link wp-element-button\" href=\"mailto:info@wagenkull.ee\">info@wagenkull.ee<\/a><\/div>\n\n\n\n<div class=\"wp-block-button\"><a class=\"wp-block-button__link has-secondary-background-color has-background wp-element-button\" href=\"tel:+372 766 6490\">+372 766 6490<\/a><\/div>\n<\/div>\n\n<\/div><div class=\"body__media\"><div class=\"splide ama_light_gallery_block\" data-splide={\"type\":\"fade\",\"arrows\":false,\"pagination\":false}><div class=\"splide__track\"><ul class=\"splide__list\"><li class=\"splide__slide\"><a href=\"https:\/\/www.wagenkull.ee\/wp-content\/uploads\/2025\/09\/vann_romantikapakett-scaled-1-989x1410.jpg\"><img decoding=\"async\" width=\"690\" height=\"460\" src=\"https:\/\/www.wagenkull.ee\/wp-content\/uploads\/bis-images\/1387\/vann_romantikapakett-scaled-1-690x460-f50_50.jpg\" class=\"attachment-690x460\" alt=\"vann_romantikapakett-scaled\" loading=\"lazy\" \/><\/a><\/li><\/ul><\/div><\/div><\/div><\/div><\/div>\n\n<div class=\"ama-block block-cards\" data-block-columns=\"2\"><div class=\"block__header has-text-align-center\"><h2>Kur\u0101 z\u0101l\u0113 v\u0113lies svin\u0113t savu dzim\u0161anas dienu?<\/h2><\/div><div class=\"block__body\"><a href=\"https:\/\/www.wagenkull.ee\/lv\/seminars\/iedvesmojosas-telpas-wagenkull\/parka-majas-kristala-zale\/\" class=\"card-item has-link\"><div class=\"item__thumb\"><img decoding=\"async\" width=\"690\" height=\"420\" src=\"https:\/\/www.wagenkull.ee\/wp-content\/uploads\/bis-images\/4912\/AAA07437-690x420-f50_50.jpg\" class=\"attachment-690x420\" alt=\"AAA07437\" loading=\"lazy\" \/><\/div><div class=\"item__content\"><p class=\"is-title\">Krist\u0101la z\u0101le<\/p><div class=\"classic-editor\"><p><strong>Krist\u0101la z\u0101le ir viena no svin\u012bg\u0101kaj\u0101m un iespaid\u012bg\u0101kaj\u0101m telp\u0101m Wagenk\u00fcll, kur grezn\u012bba un v\u0113sture satiekas iedvesmojo\u0161\u0101 atmosf\u0113r\u0101<\/strong>. T\u0101 ir ide\u0101la vieta svin\u012bb\u0101m, san\u0101ksm\u0113m vai \u012bpa\u0161iem pas\u0101kumiem, kuros katra deta\u013ca veicina neaizmirstamu pieredzi.<\/p>\n<\/div><\/div><div class=\"item__end wp-block-button is-style-simple\"><span class=\"wp-block-button__link\">Skat\u012bt vair\u0101k<\/span><\/div><\/a><a href=\"https:\/\/www.wagenkull.ee\/lv\/restorans\/restorana-zales\/\" class=\"card-item has-link\"><div class=\"item__thumb\"><img decoding=\"async\" width=\"690\" height=\"420\" src=\"https:\/\/www.wagenkull.ee\/wp-content\/uploads\/bis-images\/6387\/wagenkyll-492-690x420-f50_50.jpg\" class=\"attachment-690x420\" alt=\"wagenkyll-492\" loading=\"lazy\" \/><\/div><div class=\"item__content\"><p class=\"is-title\">Restor\u0101ns<\/p><div class=\"classic-editor\"><p>Wagenk\u00fcll pils SPA ir tr\u012bs da\u017e\u0101das z\u0101les, kur\u0101s baud\u012bt restor\u0101n\u0101 Wagenk\u00fcll gatavotus gardus \u0113dienus, svin\u0113t \u012bpa\u0161as dienas vai vienk\u0101r\u0161i atp\u016bsties un izbaud\u012bt pat\u012bkamu komp\u0101niju.<\/p>\n<\/div><\/div><div class=\"item__end wp-block-button is-style-simple\"><span class=\"wp-block-button__link\">Skat\u012bt vair\u0101k<\/span><\/div><\/a><\/div><\/div>\n\n<div  class=\"ama-block block-gallery is-style-slider-v2\"><div class=\"block__body ama_light_gallery_block\"><div class=\"bound-splide\"><div class=\"splide secondary__splide splide-thumbnails\" data-splide={\"type\":\"slide\",\"gap\":\"1.875rem\",\"perPage\":5,\"breakpoints\":{\"420\":{\"perPage\":1},\"568\":{\"perPage\":2},\"768\":{\"perPage\":3},\"991\":{\"perPage\":4}},\"isNavigation\":false,\"pagination\":false}><div class=\"splide__track\"><ul class=\"splide__list\"><li class=\"splide__slide\"><span><a href=\"https:\/\/www.wagenkull.ee\/wp-content\/uploads\/2025\/10\/wagenkyll-345-1410x1058.jpg\"><img decoding=\"async\" width=\"210\" height=\"210\" src=\"https:\/\/www.wagenkull.ee\/wp-content\/uploads\/bis-images\/2976\/wagenkyll-345-210x210-f50_50.jpg\" class=\"attachment-210x210\" alt=\"wagenkyll-345\" loading=\"lazy\" \/><\/a><\/span><\/li><li class=\"splide__slide\"><span><a href=\"https:\/\/www.wagenkull.ee\/wp-content\/uploads\/2025\/09\/wagenkyll-557-1410x1058.jpg\"><img decoding=\"async\" width=\"210\" height=\"210\" src=\"https:\/\/www.wagenkull.ee\/wp-content\/uploads\/bis-images\/3230\/wagenkyll-557-210x210-f50_50.jpg\" class=\"attachment-210x210\" alt=\"wagenkyll-557\" loading=\"lazy\" \/><\/a><\/span><\/li><li class=\"splide__slide\"><span><a href=\"https:\/\/www.wagenkull.ee\/wp-content\/uploads\/2025\/10\/wagenkyll-338-1-1410x1058.jpg\"><img decoding=\"async\" width=\"210\" height=\"210\" src=\"https:\/\/www.wagenkull.ee\/wp-content\/uploads\/bis-images\/2946\/wagenkyll-338-1-210x210-f50_50.jpg\" class=\"attachment-210x210\" alt=\"wagenkyll-338\" loading=\"lazy\" \/><\/a><\/span><\/li><li class=\"splide__slide\"><span><a href=\"https:\/\/www.wagenkull.ee\/wp-content\/uploads\/2025\/10\/wagenkyll-523-1410x1058.jpg\"><img decoding=\"async\" width=\"210\" height=\"210\" src=\"https:\/\/www.wagenkull.ee\/wp-content\/uploads\/bis-images\/3042\/wagenkyll-523-210x210-f50_50.jpg\" class=\"attachment-210x210\" alt=\"wagenkyll-523\" loading=\"lazy\" \/><\/a><\/span><\/li><li class=\"splide__slide\"><span><a href=\"https:\/\/www.wagenkull.ee\/wp-content\/uploads\/2025\/10\/wagenkyll-333-1410x1058.jpg\"><img decoding=\"async\" width=\"210\" height=\"210\" src=\"https:\/\/www.wagenkull.ee\/wp-content\/uploads\/bis-images\/2926\/wagenkyll-333-210x210-f50_50.jpg\" class=\"attachment-210x210\" alt=\"wagenkyll-333\" loading=\"lazy\" \/><\/a><\/span><\/li><li class=\"splide__slide\"><span><a href=\"https:\/\/www.wagenkull.ee\/wp-content\/uploads\/2025\/09\/image00045-943x1410.jpeg\"><img decoding=\"async\" width=\"210\" height=\"210\" src=\"https:\/\/www.wagenkull.ee\/wp-content\/uploads\/bis-images\/3220\/image00045-210x210-f50_50.jpeg\" class=\"attachment-210x210\" alt=\"Processed with VSCO with a6 preset\" loading=\"lazy\" \/><\/a><\/span><\/li><li class=\"splide__slide\"><span><a href=\"https:\/\/www.wagenkull.ee\/wp-content\/uploads\/2025\/10\/wagenkyll-337-1410x1058.jpg\"><img decoding=\"async\" width=\"210\" height=\"210\" src=\"https:\/\/www.wagenkull.ee\/wp-content\/uploads\/bis-images\/2941\/wagenkyll-337-210x210-f50_50.jpg\" class=\"attachment-210x210\" alt=\"wagenkyll-337\" loading=\"lazy\" \/><\/a><\/span><\/li><li class=\"splide__slide\"><span><a href=\"https:\/\/www.wagenkull.ee\/wp-content\/uploads\/2025\/10\/wagenkyll-324-1410x1058.jpg\"><img decoding=\"async\" width=\"210\" height=\"210\" src=\"https:\/\/www.wagenkull.ee\/wp-content\/uploads\/bis-images\/2891\/wagenkyll-324-210x210-f50_50.jpg\" class=\"attachment-210x210\" alt=\"wagenkyll-324\" loading=\"lazy\" \/><\/a><\/span><\/li><\/ul><\/div><div class=\"splide__arrows\"><button class=\"splide__arrow splide__arrow--prev\"><svg xmlns=\"http:\/\/www.w3.org\/2000\/svg\" width=\"16\" height=\"12\" viewBox=\"0 0 16 12\"><path d=\"M-2456.747-3425.252a.8.8,0,0,0,0-1.212l-4.04-3.679h11.845A.9.9,0,0,0-2448-3431a.9.9,0,0,0-.941-.857h-11.844l4.039-3.679a.8.8,0,0,0,0-1.212,1.007,1.007,0,0,0-1.331,0l-5.647,5.142a.8.8,0,0,0,0,1.213l5.647,5.142a.99.99,0,0,0,.666.251A.989.989,0,0,0-2456.747-3425.252Z\" transform=\"translate(2464.001 3437.001)\" fill=\"currentColor\"\/><\/svg><\/button><button class=\"splide__arrow splide__arrow--next\"><svg xmlns=\"http:\/\/www.w3.org\/2000\/svg\" width=\"16\" height=\"12\" viewBox=\"0 0 16 12\"><path d=\"M-2455.254-3425.252a.8.8,0,0,1,0-1.212l4.04-3.679h-11.845A.9.9,0,0,1-2464-3431a.9.9,0,0,1,.941-.857h11.844l-4.039-3.679a.8.8,0,0,1,0-1.212,1.007,1.007,0,0,1,1.331,0l5.647,5.142a.8.8,0,0,1,0,1.213l-5.647,5.142a.99.99,0,0,1-.666.251A.989.989,0,0,1-2455.254-3425.252Z\" transform=\"translate(2464.001 3437.001)\" fill=\"currentColor\"\/><\/svg><\/button><\/div><\/div><\/div><\/div><\/div>","protected":false},"excerpt":{"rendered":"<p>N\u0101c un j\u016bties grezni, pavadot laiku pil\u012b k\u0101 barons vai baronese! Inform\u0101cija un rezerv\u0101cijas: +372 766 6390, info@wagenkull.ee<\/p>\n","protected":false},"author":1,"featured_media":0,"parent":14028,"menu_order":195,"comment_status":"closed","ping_status":"closed","template":"","meta":{"_acf_changed":false,"inline_featured_image":false,"footnotes":""},"class_list":["post-14016","page","type-page","status-publish","hentry"],"acf":[],"_links":{"self":[{"href":"https:\/\/www.wagenkull.ee\/lv\/wp-json\/wp\/v2\/pages\/14016","targetHints":{"allow":["GET"]}}],"collection":[{"href":"https:\/\/www.wagenkull.ee\/lv\/wp-json\/wp\/v2\/pages"}],"about":[{"href":"https:\/\/www.wagenkull.ee\/lv\/wp-json\/wp\/v2\/types\/page"}],"author":[{"embeddable":true,"href":"https:\/\/www.wagenkull.ee\/lv\/wp-json\/wp\/v2\/users\/1"}],"replies":[{"embeddable":true,"href":"https:\/\/www.wagenkull.ee\/lv\/wp-json\/wp\/v2\/comments?post=14016"}],"version-history":[{"count":2,"href":"https:\/\/www.wagenkull.ee\/lv\/wp-json\/wp\/v2\/pages\/14016\/revisions"}],"predecessor-version":[{"id":15229,"href":"https:\/\/www.wagenkull.ee\/lv\/wp-json\/wp\/v2\/pages\/14016\/revisions\/15229"}],"up":[{"embeddable":true,"href":"https:\/\/www.wagenkull.ee\/lv\/wp-json\/wp\/v2\/pages\/14028"}],"wp:attachment":[{"href":"https:\/\/www.wagenkull.ee\/lv\/wp-json\/wp\/v2\/media?parent=14016"}],"curies":[{"name":"wp","href":"https:\/\/api.w.org\/{rel}","templated":true}]}}