{"id":14008,"date":"2025-09-01T10:07:38","date_gmt":"2025-09-01T07:07:38","guid":{"rendered":"https:\/\/www.wagenkull.ee\/menuu\/"},"modified":"2025-11-04T12:40:55","modified_gmt":"2025-11-04T10:40:55","slug":"edienkarte","status":"publish","type":"page","link":"https:\/\/www.wagenkull.ee\/lv\/restorans\/edienkarte\/","title":{"rendered":"\u0112dienkarte"},"content":{"rendered":"\n\n\n<p class=\"has-text-align-center has-medium-font-size wp-el\"><strong>L \u2013 Bez laktozes<br>G \u2013 Bez glut\u0113na<\/strong><br>Ja jums ir aler\u0123ija vai nepanes\u012bba pret k\u0101du produktu, l\u016bdzu, inform\u0113jiet par to apkalpojo\u0161o person\u0101lu.<\/p>\n\n\n\n<div class=\"wp-block-buttons is-content-justification-center is-layout-flex wp-container-core-buttons-is-layout-a89b3969 wp-block-buttons-is-layout-flex\">\n<div class=\"wp-block-button\"><a class=\"wp-block-button__link wp-element-button\" href=\"#\">Dz\u0113rienu karte<\/a><\/div>\n\n\n\n<div class=\"wp-block-button\"><a class=\"wp-block-button__link has-secondary-background-color has-background wp-element-button\" href=\"#\">Rezerv\u0113t galdi\u0146u<\/a><\/div>\n<\/div>\n\n\n<div  class=\"ama-block block-gallery\"><div class=\"block__body ama_light_gallery_block\"><div class=\"gallery\"><figure class=\"gallery-item\"><a href=\"https:\/\/www.wagenkull.ee\/wp-content\/uploads\/2025\/08\/WAGENKULL-30-SEK-optimeeritud_thumb2-1410x793.jpg\"><img decoding=\"async\" width=\"210\" height=\"210\" src=\"https:\/\/www.wagenkull.ee\/wp-content\/uploads\/bis-images\/222\/WAGENKULL-30-SEK-optimeeritud_thumb2-210x210-f50_50.jpg\" class=\"attachment-210x210\" alt=\"WAGENK\u00dcLL 30 SEK-optimeeritud thumbnail 2\" loading=\"lazy\" \/><\/a><\/figure><figure class=\"gallery-item\"><a href=\"https:\/\/www.wagenkull.ee\/wp-content\/uploads\/2025\/08\/wagenkyll-621-1410x793.png\"><img decoding=\"async\" width=\"210\" height=\"210\" src=\"https:\/\/www.wagenkull.ee\/wp-content\/uploads\/bis-images\/3151\/wagenkyll-621-210x210-f50_50.png\" class=\"attachment-210x210\" alt=\"wagenkyll-621\" loading=\"lazy\" \/><\/a><\/figure><figure class=\"gallery-item\"><a href=\"https:\/\/www.wagenkull.ee\/wp-content\/uploads\/2025\/08\/wagenkyll-611-1410x793.png\"><img decoding=\"async\" width=\"210\" height=\"210\" src=\"https:\/\/www.wagenkull.ee\/wp-content\/uploads\/bis-images\/13514\/wagenkyll-611-210x210-f50_50.png\" class=\"attachment-210x210\" alt=\"wagenkyll-611\" loading=\"lazy\" \/><\/a><\/figure><figure class=\"gallery-item\"><a href=\"https:\/\/www.wagenkull.ee\/wp-content\/uploads\/2025\/08\/wagenkyll-609-1410x793.png\"><img decoding=\"async\" width=\"210\" height=\"210\" src=\"https:\/\/www.wagenkull.ee\/wp-content\/uploads\/bis-images\/13513\/wagenkyll-609-210x210-f50_50.png\" class=\"attachment-210x210\" alt=\"wagenkyll-609\" loading=\"lazy\" \/><\/a><\/figure><figure class=\"gallery-item\"><a href=\"https:\/\/www.wagenkull.ee\/wp-content\/uploads\/2025\/08\/wagenkyll-602-1410x793.png\"><img decoding=\"async\" width=\"210\" height=\"210\" src=\"https:\/\/www.wagenkull.ee\/wp-content\/uploads\/bis-images\/13512\/wagenkyll-602-210x210-f50_50.png\" class=\"attachment-210x210\" alt=\"wagenkyll-602\" loading=\"lazy\" \/><\/a><\/figure><figure class=\"gallery-item\"><a href=\"https:\/\/www.wagenkull.ee\/wp-content\/uploads\/2025\/08\/wagenkyll_vaade-1410x889.jpg\"><img decoding=\"async\" width=\"210\" height=\"210\" src=\"https:\/\/www.wagenkull.ee\/wp-content\/uploads\/bis-images\/1927\/wagenkyll_vaade-210x210-f50_50.jpg\" class=\"attachment-210x210\" alt=\"wagenkyll_vaade\" loading=\"lazy\" \/><\/a><\/figure><figure class=\"gallery-item\"><a href=\"https:\/\/www.wagenkull.ee\/wp-content\/uploads\/2025\/08\/wagenkull_torn_vaade1-1410x940.jpg\"><img decoding=\"async\" width=\"210\" height=\"210\" src=\"https:\/\/www.wagenkull.ee\/wp-content\/uploads\/bis-images\/13511\/wagenkull_torn_vaade1-210x210-f50_50.jpg\" class=\"attachment-210x210\" alt=\"wagenkull_torn_vaade1\" loading=\"lazy\" \/><\/a><\/figure><figure class=\"gallery-item\"><a href=\"https:\/\/www.wagenkull.ee\/wp-content\/uploads\/2025\/08\/SVIIT1-1410x940.png\"><img decoding=\"async\" width=\"210\" height=\"210\" src=\"https:\/\/www.wagenkull.ee\/wp-content\/uploads\/bis-images\/13510\/SVIIT1-210x210-f50_50.png\" class=\"attachment-210x210\" alt=\"SVIIT1\" loading=\"lazy\" \/><\/a><\/figure><figure class=\"gallery-item\"><a href=\"https:\/\/www.wagenkull.ee\/wp-content\/uploads\/2025\/08\/RODUGA-SVIIT2-1410x940.png\"><img decoding=\"async\" width=\"210\" height=\"210\" src=\"https:\/\/www.wagenkull.ee\/wp-content\/uploads\/bis-images\/13306\/RODUGA-SVIIT2-210x210-f50_50.png\" class=\"attachment-210x210\" alt=\"RODUGA-SVIIT2\" loading=\"lazy\" \/><\/a><\/figure><figure class=\"gallery-item\"><a href=\"https:\/\/www.wagenkull.ee\/wp-content\/uploads\/2025\/08\/RODUGA-SVIIT1-1410x940.png\"><img decoding=\"async\" width=\"210\" height=\"210\" src=\"https:\/\/www.wagenkull.ee\/wp-content\/uploads\/bis-images\/13509\/RODUGA-SVIIT1-210x210-f50_50.png\" class=\"attachment-210x210\" alt=\"RODUGA-SVIIT1\" loading=\"lazy\" \/><\/a><\/figure><figure class=\"gallery-item\"><a href=\"https:\/\/www.wagenkull.ee\/wp-content\/uploads\/2025\/08\/PARGIMAJA-SVIIT1-1410x940.png\"><img decoding=\"async\" width=\"210\" height=\"210\" src=\"https:\/\/www.wagenkull.ee\/wp-content\/uploads\/bis-images\/13508\/PARGIMAJA-SVIIT1-210x210-f50_50.png\" class=\"attachment-210x210\" alt=\"PARGIMAJA-SVIIT1\" loading=\"lazy\" \/><\/a><\/figure><figure class=\"gallery-item\"><a href=\"https:\/\/www.wagenkull.ee\/wp-content\/uploads\/2025\/08\/PARGIMAJA-STANDARD-1-1410x949.png\"><img decoding=\"async\" width=\"210\" height=\"210\" src=\"https:\/\/www.wagenkull.ee\/wp-content\/uploads\/bis-images\/13314\/PARGIMAJA-STANDARD-1-210x210-f50_50.png\" class=\"attachment-210x210\" alt=\"PARGIMAJA-STANDARD-1\" loading=\"lazy\" \/><\/a><\/figure><\/div><\/div><\/div>","protected":false},"excerpt":{"rendered":"<p>L \u2013 Bez laktozesG \u2013 Bez glut\u0113naJa jums ir aler\u0123ija vai nepanes\u012bba pret k\u0101du produktu, l\u016bdzu, inform\u0113jiet par to apkalpojo\u0161o&#8230;<\/p>\n","protected":false},"author":1,"featured_media":0,"parent":14036,"menu_order":142,"comment_status":"closed","ping_status":"closed","template":"","meta":{"_acf_changed":false,"inline_featured_image":false,"footnotes":""},"class_list":["post-14008","page","type-page","status-publish","hentry"],"acf":[],"_links":{"self":[{"href":"https:\/\/www.wagenkull.ee\/lv\/wp-json\/wp\/v2\/pages\/14008","targetHints":{"allow":["GET"]}}],"collection":[{"href":"https:\/\/www.wagenkull.ee\/lv\/wp-json\/wp\/v2\/pages"}],"about":[{"href":"https:\/\/www.wagenkull.ee\/lv\/wp-json\/wp\/v2\/types\/page"}],"author":[{"embeddable":true,"href":"https:\/\/www.wagenkull.ee\/lv\/wp-json\/wp\/v2\/users\/1"}],"replies":[{"embeddable":true,"href":"https:\/\/www.wagenkull.ee\/lv\/wp-json\/wp\/v2\/comments?post=14008"}],"version-history":[{"count":1,"href":"https:\/\/www.wagenkull.ee\/lv\/wp-json\/wp\/v2\/pages\/14008\/revisions"}],"predecessor-version":[{"id":14200,"href":"https:\/\/www.wagenkull.ee\/lv\/wp-json\/wp\/v2\/pages\/14008\/revisions\/14200"}],"up":[{"embeddable":true,"href":"https:\/\/www.wagenkull.ee\/lv\/wp-json\/wp\/v2\/pages\/14036"}],"wp:attachment":[{"href":"https:\/\/www.wagenkull.ee\/lv\/wp-json\/wp\/v2\/media?parent=14008"}],"curies":[{"name":"wp","href":"https:\/\/api.w.org\/{rel}","templated":true}]}}