{"id":13980,"date":"2025-09-03T07:50:13","date_gmt":"2025-09-03T04:50:13","guid":{"rendered":"https:\/\/www.wagenkull.ee\/kogu-kompleks\/"},"modified":"2025-11-04T13:31:30","modified_gmt":"2025-11-04T11:31:30","slug":"viss-komplekss","status":"publish","type":"page","link":"https:\/\/www.wagenkull.ee\/lv\/wagenkull-notikumi\/viss-komplekss\/","title":{"rendered":"Viss komplekss"},"content":{"rendered":"<div class=\"ama-block block-submenu\"><div class=\"block__body\"><button class=\"toggle-qmenu\" type=\"button\" aria-label=\"Show quickmenu\"><\/button><div class=\"qmenu-wrapper\"><ul class=\"menu\"><li><a href=\"#kogu-kompleks\"><span>Viss komplekss<\/span><\/a><\/li><li><a href=\"#taagepera-loss\"><span>Taageperas pils<\/span><\/a><\/li><li><a href=\"#pargimaja\"><span>Parka m\u0101ja ar Krist\u0101la z\u0101li<\/span><\/a><\/li><li><a href=\"#valitsejamaja\"><span>P\u0101rvaldnieka m\u0101ja<\/span><\/a><\/li><\/ul><\/div><\/div><\/div>\n\n\n<h2 class=\"wp-block-heading has-text-align-center wp-el\"><strong>Rezerv\u0113 Wagenk\u00fcll pils SPA \u2013 tie\u0161i t\u0101, k\u0101 tev vislab\u0101k pat\u012bk<\/strong><\/h2>\n\n\n\n<p class=\"has-text-align-center has-semi-large-font-size wp-el\">Wagenk\u00fcll viesn\u012bcu komplekss pied\u0101v\u0101 elast\u012bgas iesp\u0113jas jebkuram pas\u0101kumam \u2013 vai t\u0101 b\u016btu romantiska atp\u016bta, svin\u012bgs pie\u0146em\u0161anas vakars vai v\u0113rien\u012bga kop\u0101 san\u0101k\u0161ana.<\/p>\n\n\n\n<p class=\"has-text-align-center wp-el\">Liel\u0101k\u0101m grup\u0101m iesp\u0113jams rezerv\u0113t Taageperas pili, Taageperas pili kop\u0101 ar Parka m\u0101ju (savienotu ar pazemes tuneli) vai ar\u012b atsevi\u0161\u0137i P\u0101rvaldnieka m\u0101ju maz\u0101k\u0101m komp\u0101nij\u0101m. P\u0113c v\u0113l\u0113\u0161an\u0101s vari rezerv\u0113t ar\u012b visu viesn\u012bcu kompleksu.<\/p>\n\n\n\n<p class=\"has-text-align-center wp-el\">Izv\u0113le ir tav\u0101s rok\u0101s \u2013 m\u0113s par\u016bp\u0113simies, lai piedz\u012bvojums b\u016btu neaizmirstams.<\/p>\n\n\n<div id=\"taagepera-loss\" class=\"ama-block block-txtmedia is-style-w-bg-grad-left reverse-order has-scrollbar is-media-default\"><div class=\"block__body\"><div class=\"body__content\">\n\n<h2 class=\"wp-block-heading wp-el\">V\u0113sturisk\u0101 Taageperas pils<\/h2>\n\n\n\n<p class=\"wp-el\"><strong>V\u0113sturiska elegance un int\u012bma atmosf\u0113ra<\/strong> \u2013 ide\u0101la izv\u0113le svin\u012bg\u0101m vakari\u0146\u0101m, ekskluz\u012bv\u0101m pie\u0146em\u0161an\u0101m vai maz\u0101ka m\u0113roga pas\u0101kumiem.<\/p>\n\n\n\n<p class=\"has-medium-font-size wp-el\">Taageperas pils rezerv\u0101cija ietver:<\/p>\n\n\n\n<ul class=\"wp-block-list wp-el\">\n<li>Nak\u0161\u0146o\u0161anu Taageperas pil\u012b (30 numuri), naktsm\u012btnes ap 60 cilv\u0113kiem;<\/li>\n\n\n\n<li>laikmetam atbilsto\u0161o restor\u0101na z\u0101li \u201eCepure un Platmale\u201d;<\/li>\n\n\n\n<li>svin\u012bgi kl\u0101tus vakari\u0146u galdi\u0146us un apkalpo\u0161anu;<\/li>\n\n\n\n<li>spa un pirts centra izmanto\u0161anu iera\u0161an\u0101s dien\u0101 no plkst. 15.00\u201322.00 un n\u0101kamaj\u0101 r\u012bt\u0101 p\u0113c pas\u0101kuma no plkst. 9.00\u201312.00;<\/li>\n\n\n\n<li>brokastis n\u0101kamaj\u0101 r\u012bt\u0101 p\u0113c pas\u0101kuma;<\/li>\n\n\n\n<li>tematisk\u0101 parka apmekl\u0113jumu darba laik\u0101;<\/li>\n\n\n\n<li>bezmaksas WiFi un autost\u0101vvietu.<\/li>\n<\/ul>\n\n\n\n<p class=\"has-medium-font-size wp-el\"><strong>Cena ziem\u0101 no: 5650 \u20ac (P.\u2013C.) un 6990 \u20ac (Pk., S.)<\/strong><\/p>\n\n\n\n<p class=\"has-medium-font-size wp-el\"><strong>Cena vasar\u0101 no: 7690 \u20ac<\/strong><\/p>\n\n\n\n<p class=\"wp-el\"><em>*Papildu pakalpojumi: vakari\u0146as, izklaides aktivit\u0101tes.<\/em><\/p>\n\n\n\n<p class=\"wp-el\"><em>*Spa un pirts centrs, k\u0101 ar\u012b restor\u0101na galven\u0101 z\u0101le ir atv\u0113rti ar\u012b citiem viesn\u012bcas viesiem.<\/em><\/p>\n\n<\/div><div class=\"body__media\"><div class=\"splide ama_light_gallery_block\" data-splide={\"type\":\"fade\",\"arrows\":false,\"pagination\":false}><div class=\"splide__track\"><ul class=\"splide__list\"><li class=\"splide__slide\"><a href=\"https:\/\/www.wagenkull.ee\/wp-content\/uploads\/2025\/10\/AAA06133_opt-1410x777.jpg\"><img decoding=\"async\" width=\"690\" height=\"460\" src=\"https:\/\/www.wagenkull.ee\/wp-content\/uploads\/bis-images\/3391\/AAA06133_opt-690x460-f50_50.jpg\" class=\"attachment-690x460\" alt=\"AAA06133_opt\" loading=\"lazy\" \/><\/a><\/li><\/ul><\/div><\/div><\/div><\/div><\/div>\n\n<div id=\"pargimaja\" class=\"ama-block block-txtmedia is-style-w-bg-grad-right has-scrollbar is-media-default\"><div class=\"block__body\"><div class=\"body__content\">\n\n<h2 class=\"wp-block-heading wp-el\">Parka m\u0101ja ar mirdzo\u0161o Krist\u0101la z\u0101li<\/h2>\n\n\n\n<p class=\"wp-el\">Pavadi neaizmirstamu vakaru grezn\u0101 spa viesn\u012bc\u0101 un r\u012bko savu svin\u012bgo pas\u0101kumu skaistaj\u0101 Krist\u0101la z\u0101l\u0113 ar lustr\u0101m un apburo\u0161u skatu uz Taageperas pili. Parka m\u0101ja ir ide\u0101li piem\u0113rota k\u0101z\u0101m, gala vakariem, firmas pas\u0101kumiem vai konferenc\u0113m.<\/p>\n\n\n\n<p class=\"wp-el\">T\u0101 ir ide\u0101la iesp\u0113ja apvienot svin\u012bgu atmosf\u0113ru ar relaks\u0113jo\u0161u spa pieredzi.<\/p>\n\n\n\n<p class=\"has-medium-font-size wp-el\">Visa Parka m\u0101jas rezerv\u0101cija ietver:<\/p>\n\n\n\n<ul class=\"wp-block-list wp-el\">\n<li>Ekskluz\u012bvu Krist\u0101la z\u0101les izmanto\u0161anu vienu vakaru ar svin\u012bgi kl\u0101tiem galdiem;<\/li>\n\n\n\n<li>\u0113rtus Parka m\u0101jas numurus vienai naktij: 1 Panorama suite numurs, 2 deluxe numuri, 1 vienviet\u012bgs standarta numurs, 36 divviet\u012bgi standarta numuri. Kop\u0101 naktsm\u012btnes 79 cilv\u0113kiem;<\/li>\n\n\n\n<li>grezn\u0101 spa un pirts centra apmekl\u0113jumu iera\u0161an\u0101s dien\u0101 no plkst. 15.00\u201322.00 un n\u0101kamaj\u0101 r\u012bt\u0101 p\u0113c pas\u0101kuma no plkst. 9.00\u201312.00;<\/li>\n\n\n\n<li>bag\u0101t\u012bgas un vesel\u012bgas brokastis;<\/li>\n\n\n\n<li>tematisk\u0101 parka apmekl\u0113jumu darba laik\u0101;<\/li>\n\n\n\n<li>bezmaksas WiFi un autost\u0101vvietu.<\/li>\n<\/ul>\n\n\n\n<p class=\"has-medium-font-size wp-el\"><strong>Cena ziem\u0101 no: 6750 \u20ac (P.\u2013C.) un 8800 \u20ac (Pk., S.)<\/strong><\/p>\n\n\n\n<p class=\"has-medium-font-size wp-el\"><strong>Cena vasar\u0101 no: 14300 \u20ac<\/strong><\/p>\n\n\n\n<p class=\"wp-el\"><em>*Cenas ir atkar\u012bgas no izv\u0113l\u0113t\u0101s dienas naktsm\u012bt\u0146u cen\u0101m. Papildu pakalpojumi: vakari\u0146as, izklaides aktivit\u0101tes.<\/em><\/p>\n\n<\/div><div class=\"body__media\"><div class=\"splide ama_light_gallery_block\" data-splide={\"type\":\"fade\",\"arrows\":false,\"pagination\":false}><div class=\"splide__track\"><ul class=\"splide__list\"><li class=\"splide__slide\"><a href=\"https:\/\/www.wagenkull.ee\/wp-content\/uploads\/2025\/09\/18.05.2024_1_Taavi-Bergmann-1410x940.webp\"><img decoding=\"async\" width=\"690\" height=\"460\" src=\"https:\/\/www.wagenkull.ee\/wp-content\/uploads\/bis-images\/1783\/18.05.2024_1_Taavi-Bergmann-690x460-f50_50.webp\" class=\"attachment-690x460\" alt=\"18.05.2024_1_Taavi-Bergmann\" loading=\"lazy\" \/><\/a><\/li><\/ul><\/div><\/div><\/div><\/div><\/div>\n\n<div id=\"valitsejamaja\" class=\"ama-block block-txtmedia is-style-w-bg-grad-left reverse-order has-scrollbar is-media-default\"><div class=\"block__body\"><div class=\"body__content\">\n\n<h2 class=\"wp-block-heading wp-el\">P\u0101rvaldnieka m\u0101ja<\/h2>\n\n\n\n<p class=\"wp-el\">Ide\u0101li piem\u0113rota tiem, kas nov\u0113rt\u0113 klusumu, priv\u0101tumu un \u012bpa\u0161u atmosf\u0113ru. Der maz\u0101k\u0101m grup\u0101m, \u0123imen\u0113m vai tiem, kas v\u0113las atp\u016bsties savrup, vienlaikus baudot visa pils un spa kompleksa sniegt\u0101s iesp\u0113jas.<\/p>\n\n\n\n<p class=\"has-medium-font-size wp-el\">P\u0101rvaldnieka m\u0101jas rezerv\u0101cija ietver:<\/p>\n\n\n\n<ul class=\"wp-block-list wp-el\">\n<li>\u0112rtus P\u0101rvaldnieka m\u0101jas numurus vienai naktij: 3 divviet\u012bgi standarta numuri, 1 deluxe numurs, 1 suite numurs. Kop\u0101 naktsm\u012btnes 10 cilv\u0113kiem, ar iesp\u0113ju pievienot papildu gultas numuros;<\/li>\n\n\n\n<li>grezn\u0101 spa un pirts centra apmekl\u0113jumu;<\/li>\n\n\n\n<li>bag\u0101t\u012bgas un vesel\u012bgas brokastis;<\/li>\n\n\n\n<li>tematisk\u0101 parka apmekl\u0113jumu darba laik\u0101;<\/li>\n\n\n\n<li>bezmaksas WiFi un autost\u0101vvietu.<\/li>\n<\/ul>\n\n\n\n<p class=\"has-medium-font-size wp-el\"><strong>Cena no: 830 \u20ac\/nakts (ziem\u0101) un 1300 \u20ac\/nakts (vasar\u0101)<\/strong><\/p>\n\n\n\n<p class=\"wp-el\">*Papildu pakalpojumi: vakari\u0146as, izklaides aktivit\u0101tes.<\/p>\n\n<\/div><div class=\"body__media\"><div class=\"splide ama_light_gallery_block\" data-splide={\"type\":\"fade\",\"arrows\":false,\"pagination\":false}><div class=\"splide__track\"><ul class=\"splide__list\"><li class=\"splide__slide\"><a href=\"https:\/\/www.wagenkull.ee\/wp-content\/uploads\/2025\/08\/PANORAMA-SVIIT2-1410x940.png\"><img decoding=\"async\" width=\"690\" height=\"460\" src=\"https:\/\/www.wagenkull.ee\/wp-content\/uploads\/bis-images\/1930\/PANORAMA-SVIIT2-690x460-f50_50.png\" class=\"attachment-690x460\" alt=\"PANORAMA-SVIIT2\" loading=\"lazy\" \/><\/a><\/li><\/ul><\/div><\/div><\/div><\/div><\/div>\n\n<div id=\"kogu-kompleks\" class=\"ama-block block-txtmedia is-style-w-bg-grad-right has-scrollbar is-media-default\"><div class=\"block__body\"><div class=\"body__content\">\n\n<h2 class=\"wp-block-heading wp-el\">Viss viesn\u012bcu komplekss \u2013 Taageperas pils, Parka m\u0101ja, P\u0101rvaldnieka m\u0101ja<\/h2>\n\n\n\n<p class=\"wp-el\">Ide\u0101la izv\u0113le k\u0101z\u0101m, konferenc\u0113m vai v\u0113rien\u012bgiem pas\u0101kumiem!<\/p>\n\n\n\n<p class=\"has-medium-font-size wp-el\">Visa kompleksa rezerv\u0101cija ietver:<\/p>\n\n\n\n<ul class=\"wp-block-list wp-el\">\n<li>Ekskluz\u012bvu j\u016bgendstila Taageperas pili ar vair\u0101kiem v\u0113sturiskiem saloniem;<\/li>\n\n\n\n<li>Parka m\u0101ju ar Krist\u0101la z\u0101li, no kuras paveras apburo\u0161s skats uz Taageperas pili. Krist\u0101la z\u0101l\u0113 ir skatuve un deju gr\u012bda, skats uz pili, ska\u0146as aparat\u016bra un liels ekr\u0101ns;<\/li>\n\n\n\n<li>v\u0113sturisko P\u0101rvaldnieka m\u0101ju ar m\u016bsdien\u012bg\u0101m \u0113rt\u012bb\u0101m;<\/li>\n\n\n\n<li>75 viesn\u012bcas numurus (apm\u0113ram 150 gultas): pil\u012b (30 numuri), Parka m\u0101j\u0101 (40 numuri) un P\u0101rvaldnieka m\u0101j\u0101 (5 numuri);<\/li>\n\n\n\n<li>spa un pirts centra izmanto\u0161anu iera\u0161an\u0101s dien\u0101 no plkst. 15.00\u201322.00 un n\u0101kamaj\u0101 r\u012bt\u0101 p\u0113c pas\u0101kuma no plkst. 9.00\u201312.00;<\/li>\n\n\n\n<li>svin\u012bgi kl\u0101tus vakari\u0146u galdus un apkalpo\u0161anu;<\/li>\n\n\n\n<li>bag\u0101t\u012bgas brokastis n\u0101kamaj\u0101 r\u012bt\u0101 p\u0113c pas\u0101kuma;<\/li>\n\n\n\n<li>tematisk\u0101 parka apmekl\u0113jumu darba laik\u0101;<\/li>\n\n\n\n<li>bezmaksas WiFi un autost\u0101vvietu.<\/li>\n<\/ul>\n\n\n\n<p class=\"has-medium-font-size wp-el\"><strong>Cena ziem\u0101 no: 13250 \u20ac (P.\u2013C.) un 16900 \u20ac (Pk., S.)<\/strong><\/p>\n\n\n\n<p class=\"has-medium-font-size wp-el\"><strong>Cena vasar\u0101 no: 22900 \u20ac<\/strong><\/p>\n\n\n\n<p class=\"wp-el\"><em>*Papildu pakalpojumi: \u0113din\u0101\u0161ana, izklaides aktivit\u0101tes.<\/em><\/p>\n\n<\/div><div class=\"body__media\"><div class=\"splide ama_light_gallery_block\" data-splide={\"type\":\"fade\",\"pagination\":false}><div class=\"splide__track\"><ul class=\"splide__list\"><li class=\"splide__slide\"><a href=\"https:\/\/www.wagenkull.ee\/wp-content\/uploads\/2025\/10\/DJI_0697-HDR-1410x939.jpg\"><img decoding=\"async\" width=\"690\" height=\"460\" src=\"https:\/\/www.wagenkull.ee\/wp-content\/uploads\/bis-images\/10467\/DJI_0697-HDR-690x460-f50_50.jpg\" class=\"attachment-690x460\" alt=\"DJI_0697-HDR\" loading=\"lazy\" \/><\/a><\/li><li class=\"splide__slide\"><a href=\"https:\/\/www.wagenkull.ee\/wp-content\/uploads\/2025\/09\/18.05.2024_1_Taavi-Bergmann-1410x940.webp\"><img decoding=\"async\" width=\"690\" height=\"460\" src=\"https:\/\/www.wagenkull.ee\/wp-content\/uploads\/bis-images\/1783\/18.05.2024_1_Taavi-Bergmann-690x460-f50_50.webp\" class=\"attachment-690x460\" alt=\"18.05.2024_1_Taavi-Bergmann\" loading=\"lazy\" \/><\/a><\/li><li class=\"splide__slide\"><a href=\"https:\/\/www.wagenkull.ee\/wp-content\/uploads\/2025\/10\/DJI_0678-1410x939.jpg\"><img decoding=\"async\" width=\"690\" height=\"460\" src=\"https:\/\/www.wagenkull.ee\/wp-content\/uploads\/bis-images\/10457\/DJI_0678-690x460-f50_50.jpg\" class=\"attachment-690x460\" alt=\"DJI_0678\" loading=\"lazy\" \/><\/a><\/li><\/ul><\/div><div class=\"splide__arrows\"><button class=\"splide__arrow splide__arrow--prev\"><svg xmlns=\"http:\/\/www.w3.org\/2000\/svg\" width=\"16\" height=\"12\" viewBox=\"0 0 16 12\"><path d=\"M-2456.747-3425.252a.8.8,0,0,0,0-1.212l-4.04-3.679h11.845A.9.9,0,0,0-2448-3431a.9.9,0,0,0-.941-.857h-11.844l4.039-3.679a.8.8,0,0,0,0-1.212,1.007,1.007,0,0,0-1.331,0l-5.647,5.142a.8.8,0,0,0,0,1.213l5.647,5.142a.99.99,0,0,0,.666.251A.989.989,0,0,0-2456.747-3425.252Z\" transform=\"translate(2464.001 3437.001)\" fill=\"currentColor\"\/><\/svg><\/button><button class=\"splide__arrow splide__arrow--next\"><svg xmlns=\"http:\/\/www.w3.org\/2000\/svg\" width=\"16\" height=\"12\" viewBox=\"0 0 16 12\"><path d=\"M-2455.254-3425.252a.8.8,0,0,1,0-1.212l4.04-3.679h-11.845A.9.9,0,0,1-2464-3431a.9.9,0,0,1,.941-.857h11.844l-4.039-3.679a.8.8,0,0,1,0-1.212,1.007,1.007,0,0,1,1.331,0l5.647,5.142a.8.8,0,0,1,0,1.213l-5.647,5.142a.99.99,0,0,1-.666.251A.989.989,0,0,1-2455.254-3425.252Z\" transform=\"translate(2464.001 3437.001)\" fill=\"currentColor\"\/><\/svg><\/button><\/div><\/div><\/div><\/div><\/div>","protected":false},"excerpt":{"rendered":"<p>Rezerv\u0113 Wagenk\u00fcll pils SPA \u2013 tie\u0161i t\u0101, k\u0101 tev vislab\u0101k pat\u012bk Wagenk\u00fcll viesn\u012bcu komplekss pied\u0101v\u0101 elast\u012bgas iesp\u0113jas jebkuram pas\u0101kumam \u2013&#8230;<\/p>\n","protected":false},"author":1,"featured_media":0,"parent":14028,"menu_order":187,"comment_status":"closed","ping_status":"closed","template":"","meta":{"_acf_changed":false,"inline_featured_image":false,"footnotes":""},"class_list":["post-13980","page","type-page","status-publish","hentry"],"acf":[],"_links":{"self":[{"href":"https:\/\/www.wagenkull.ee\/lv\/wp-json\/wp\/v2\/pages\/13980","targetHints":{"allow":["GET"]}}],"collection":[{"href":"https:\/\/www.wagenkull.ee\/lv\/wp-json\/wp\/v2\/pages"}],"about":[{"href":"https:\/\/www.wagenkull.ee\/lv\/wp-json\/wp\/v2\/types\/page"}],"author":[{"embeddable":true,"href":"https:\/\/www.wagenkull.ee\/lv\/wp-json\/wp\/v2\/users\/1"}],"replies":[{"embeddable":true,"href":"https:\/\/www.wagenkull.ee\/lv\/wp-json\/wp\/v2\/comments?post=13980"}],"version-history":[{"count":1,"href":"https:\/\/www.wagenkull.ee\/lv\/wp-json\/wp\/v2\/pages\/13980\/revisions"}],"predecessor-version":[{"id":14265,"href":"https:\/\/www.wagenkull.ee\/lv\/wp-json\/wp\/v2\/pages\/13980\/revisions\/14265"}],"up":[{"embeddable":true,"href":"https:\/\/www.wagenkull.ee\/lv\/wp-json\/wp\/v2\/pages\/14028"}],"wp:attachment":[{"href":"https:\/\/www.wagenkull.ee\/lv\/wp-json\/wp\/v2\/media?parent=13980"}],"curies":[{"name":"wp","href":"https:\/\/api.w.org\/{rel}","templated":true}]}}