{"id":17095,"date":"2026-04-08T11:31:57","date_gmt":"2026-04-08T08:31:57","guid":{"rendered":"https:\/\/www.wagenkull.ee\/seminaari\/inspiroivat-tilat-wagenkullissa\/kubar-ja-kaabu\/"},"modified":"2026-04-08T11:38:32","modified_gmt":"2026-04-08T08:38:32","slug":"kubar-ja-kaabu","status":"publish","type":"page","link":"https:\/\/www.wagenkull.ee\/fi\/seminaari\/inspiroivat-tilat-wagenkullissa\/kubar-ja-kaabu\/","title":{"rendered":"K\u00fcbar ja Kaabu"},"content":{"rendered":"<div class=\"ama-block block-txtmedia is-media-default\"><div class=\"block__body\"><div class=\"body__content\">\n\n<p class=\"wp-el\">K\u00fcbar ja Kaabu -sali on 90 m\u00b2 kokoinen elegantti ja arvokas tila, joka soveltuu erinomaisesti niin juhlallisten tilaisuuksien kuin edustavien liiketapaamisten j\u00e4rjest\u00e4miseen.<\/p>\n\n\n\n<p class=\"wp-el\">Salin korkeat katot ja aikakaudelle uskolliset maalaukset luovat historiallisen ja kodikkaan tunnelman. Kyseess\u00e4 on yksityinen, ravintolasta erillinen tila, joka takaa rauhallisen ja eksklusiivisen ymp\u00e4rist\u00f6n. Erityisen\u00e4 lis\u00e4etuna salista johtaa portaat suoraan linnan takapuutarhaan, mik\u00e4 mahdollistaa tilaisuuden luontevan laajentamisen my\u00f6s ulkotiloihin.<\/p>\n\n\n\n<p class=\"wp-el\">Tila soveltuu enint\u00e4\u00e4n 50 hengelle U-muotoisessa p\u00f6yt\u00e4j\u00e4rjestelyss\u00e4 ja enint\u00e4\u00e4n 60 vieraalle py\u00f6reill\u00e4 juhlap\u00f6ydill\u00e4. Pienemmille seurueille voidaan kattaa yksi pitk\u00e4 p\u00f6yt\u00e4 alkaen 12 hengelle. Tarvittaessa tilaa on my\u00f6s esiintyj\u00e4lle.<\/p>\n\n\n\n<p class=\"wp-el\">Salissa on k\u00e4ytett\u00e4viss\u00e4 kaiuttimet, viihtyis\u00e4 buffee-alue sek\u00e4 kauniit n\u00e4kym\u00e4t linnanpuistoon, jotka tekev\u00e4t jokaisesta tilaisuudesta ikimuistoisen.<\/p>\n\n<\/div><div class=\"body__media\"><div class=\"splide ama_light_gallery_block\" data-splide={\"type\":\"fade\",\"pagination\":false}><div class=\"splide__track\"><ul class=\"splide__list\"><li class=\"splide__slide\"><a href=\"https:\/\/www.wagenkull.ee\/wp-content\/uploads\/2026\/04\/IMG_1045-1074x1410.jpeg\"><img decoding=\"async\" width=\"690\" height=\"460\" src=\"https:\/\/www.wagenkull.ee\/wp-content\/uploads\/bis-images\/17070\/IMG_1045-690x460-f50_50.jpeg\" class=\"attachment-690x460\" alt=\"IMG_1045\" loading=\"lazy\" \/><\/a><\/li><li class=\"splide__slide\"><a href=\"https:\/\/www.wagenkull.ee\/wp-content\/uploads\/2026\/04\/marikalang-1-940x1410.jpg\"><img decoding=\"async\" width=\"690\" height=\"460\" src=\"https:\/\/www.wagenkull.ee\/wp-content\/uploads\/bis-images\/17075\/marikalang-1-690x460-f50_50.jpg\" class=\"attachment-690x460\" alt=\"marikalang-1\" loading=\"lazy\" \/><\/a><\/li><li class=\"splide__slide\"><a href=\"https:\/\/www.wagenkull.ee\/wp-content\/uploads\/2026\/04\/marikalang-8-940x1410.jpg\"><img decoding=\"async\" width=\"690\" height=\"460\" src=\"https:\/\/www.wagenkull.ee\/wp-content\/uploads\/bis-images\/17080\/marikalang-8-690x460-f50_50.jpg\" class=\"attachment-690x460\" alt=\"marikalang-8\" loading=\"lazy\" \/><\/a><\/li><li class=\"splide__slide\"><a href=\"https:\/\/www.wagenkull.ee\/wp-content\/uploads\/2026\/04\/MartinKosseson-1102-1410x940.jpg\"><img decoding=\"async\" width=\"690\" height=\"460\" src=\"https:\/\/www.wagenkull.ee\/wp-content\/uploads\/bis-images\/17085\/MartinKosseson-1102-690x460-f50_50.jpg\" class=\"attachment-690x460\" alt=\"MartinKosseson-1102\" loading=\"lazy\" \/><\/a><\/li><\/ul><\/div><div class=\"splide__arrows\"><button class=\"splide__arrow splide__arrow--prev\"><svg xmlns=\"http:\/\/www.w3.org\/2000\/svg\" width=\"16\" height=\"12\" viewBox=\"0 0 16 12\"><path d=\"M-2456.747-3425.252a.8.8,0,0,0,0-1.212l-4.04-3.679h11.845A.9.9,0,0,0-2448-3431a.9.9,0,0,0-.941-.857h-11.844l4.039-3.679a.8.8,0,0,0,0-1.212,1.007,1.007,0,0,0-1.331,0l-5.647,5.142a.8.8,0,0,0,0,1.213l5.647,5.142a.99.99,0,0,0,.666.251A.989.989,0,0,0-2456.747-3425.252Z\" transform=\"translate(2464.001 3437.001)\" fill=\"currentColor\"\/><\/svg><\/button><button class=\"splide__arrow splide__arrow--next\"><svg xmlns=\"http:\/\/www.w3.org\/2000\/svg\" width=\"16\" height=\"12\" viewBox=\"0 0 16 12\"><path d=\"M-2455.254-3425.252a.8.8,0,0,1,0-1.212l4.04-3.679h-11.845A.9.9,0,0,1-2464-3431a.9.9,0,0,1,.941-.857h11.844l-4.039-3.679a.8.8,0,0,1,0-1.212,1.007,1.007,0,0,1,1.331,0l5.647,5.142a.8.8,0,0,1,0,1.213l-5.647,5.142a.99.99,0,0,1-.666.251A.989.989,0,0,1-2455.254-3425.252Z\" transform=\"translate(2464.001 3437.001)\" fill=\"currentColor\"\/><\/svg><\/button><\/div><\/div><\/div><\/div><\/div>\n\n\n<div class=\"wp-block-buttons is-layout-flex wp-block-buttons-is-layout-flex\">\n<div class=\"wp-block-button\"><a class=\"wp-block-button__link wp-element-button\" href=\"https:\/\/www.wagenkull.ee\/fi\/info\/kontaktit\/\">Pyyd\u00e4 tarjous<\/a><\/div>\n<\/div>\n\n\n\n<p class=\"wp-el\"><\/p>\n","protected":false},"excerpt":{"rendered":"","protected":false},"author":6,"featured_media":0,"parent":13911,"menu_order":2,"comment_status":"closed","ping_status":"closed","template":"","meta":{"_acf_changed":false,"inline_featured_image":false,"footnotes":""},"class_list":["post-17095","page","type-page","status-publish","hentry"],"acf":[],"_links":{"self":[{"href":"https:\/\/www.wagenkull.ee\/fi\/wp-json\/wp\/v2\/pages\/17095","targetHints":{"allow":["GET"]}}],"collection":[{"href":"https:\/\/www.wagenkull.ee\/fi\/wp-json\/wp\/v2\/pages"}],"about":[{"href":"https:\/\/www.wagenkull.ee\/fi\/wp-json\/wp\/v2\/types\/page"}],"author":[{"embeddable":true,"href":"https:\/\/www.wagenkull.ee\/fi\/wp-json\/wp\/v2\/users\/6"}],"replies":[{"embeddable":true,"href":"https:\/\/www.wagenkull.ee\/fi\/wp-json\/wp\/v2\/comments?post=17095"}],"version-history":[{"count":1,"href":"https:\/\/www.wagenkull.ee\/fi\/wp-json\/wp\/v2\/pages\/17095\/revisions"}],"predecessor-version":[{"id":17099,"href":"https:\/\/www.wagenkull.ee\/fi\/wp-json\/wp\/v2\/pages\/17095\/revisions\/17099"}],"up":[{"embeddable":true,"href":"https:\/\/www.wagenkull.ee\/fi\/wp-json\/wp\/v2\/pages\/13911"}],"wp:attachment":[{"href":"https:\/\/www.wagenkull.ee\/fi\/wp-json\/wp\/v2\/media?parent=17095"}],"curies":[{"name":"wp","href":"https:\/\/api.w.org\/{rel}","templated":true}]}}