{"id":16891,"date":"2026-03-26T11:57:34","date_gmt":"2026-03-26T09:57:34","guid":{"rendered":"https:\/\/www.wagenkull.ee\/?page_id=16891"},"modified":"2026-03-26T12:08:42","modified_gmt":"2026-03-26T10:08:42","slug":"varausehdot","status":"publish","type":"page","link":"https:\/\/www.wagenkull.ee\/fi\/varausehdot\/","title":{"rendered":"Varausehdot"},"content":{"rendered":"\n<h3 class=\"wp-block-heading wp-el\">Yleiset Varausehdot<\/h3>\n\n\n\n<ol class=\"wp-block-list wp-el\">\n<li><strong>Varaus<\/strong><br>\u2013 Vahvistus varauksesta, sis\u00e4lt\u00e4en vierasm\u00e4\u00e4r\u00e4n sek\u00e4 palvelu\u2011 ja hinta\u2011tiedot, l\u00e4hetet\u00e4\u00e4n asiakkaan s\u00e4hk\u00f6postiin.<\/li>\n\n\n\n<li><strong>Saapuminen ja L\u00e4ht\u00f6<\/strong><br>\u2013 Sis\u00e4\u00e4nkirjautuminen alkaa klo 15:00, uloskirjautuminen l\u00e4ht\u00f6p\u00e4iv\u00e4n\u00e4 klo 12:00 asti.<br>\u2013 Aikaisempi saapuminen ja my\u00f6h\u00e4isempi l\u00e4ht\u00f6 ovat mahdollisia vain hotellin kanssa sovittaessa ja hinnaston mukaisesti.<\/li>\n\n\n\n<li><strong>Ryhm\u00e4varaukset<\/strong><br>\u2013 Varaukset, jotka sis\u00e4lt\u00e4v\u00e4t 6 tai useampia huoneita, katsotaan ryhm\u00e4varauksiksi.<br>\u2013 Majoituslista tulee toimittaa viimeist\u00e4\u00e4n 4 ty\u00f6p\u00e4iv\u00e4\u00e4 ennen saapumista (vieraiden etu- ja sukunimet, huoneluokka, lis\u00e4palvelut jne.).<\/li>\n<\/ol>\n\n\n\n<hr class=\"wp-block-separator has-alpha-channel-opacity\"\/>\n\n\n\n<h2 class=\"wp-block-heading wp-el\"><strong>Muutos- ja Peruutusehdot Varauksille enint\u00e4\u00e4n 5 huonetta<\/strong><\/h2>\n\n\n\n<ol class=\"wp-block-list wp-el\">\n<li>Varauksen voi perua maksutta viimeist\u00e4\u00e4n 48 tuntia ennen saapumista. My\u00f6hemm\u00e4st\u00e4 peruutuksesta tai saapumatta j\u00e4tt\u00e4misest\u00e4 hotelli voi veloittaa yhden y\u00f6n hinnan. Erikoistarjoukset noudattavat omia ehtojaan.<\/li>\n\n\n\n<li>Hotelli pit\u00e4\u00e4 huonetta varattuna saapumisp\u00e4iv\u00e4n\u00e4 klo 18:00 asti. Jos vieras ei ole peruuttanut varaustaan eik\u00e4 ilmoittanut my\u00f6h\u00e4isemm\u00e4st\u00e4 saapumisesta, hotelli voi perua varauksen ilman erillist\u00e4 yhteydenottoa.<\/li>\n<\/ol>\n\n\n\n<hr class=\"wp-block-separator has-alpha-channel-opacity\"\/>\n\n\n\n<h2 class=\"wp-block-heading wp-el\"><strong>Muutos- ja Peruutusehdot Varauksille 6 tai enemm\u00e4n huoneita<\/strong><\/h2>\n\n\n\n<p class=\"wp-el\">\u2013 Ryhm\u00e4varauksen vahvistettua tilausta voidaan muuttaa enint\u00e4\u00e4n 10 % asti 4 ty\u00f6p\u00e4iv\u00e4\u00e4 ennen saapumista.<br>\u2013 Yli 10 % muutoksista hotelli voi veloittaa korvauksen k\u00e4ytt\u00e4m\u00e4tt\u00f6mist\u00e4 palveluista seuraavasti:<\/p>\n\n\n\n<figure class=\"wp-block-table is-style-stripes wp-el\"><table class=\"has-fixed-layout\"><thead><tr><th>Huonem\u00e4\u00e4r\u00e4<\/th><th><strong>Peruuttaminen ilman korvausta<\/strong><br>(p\u00e4ivien m\u00e4\u00e4r\u00e4 ennen vierailua)<\/th><th><strong>Korvaus 25 %<\/strong><br><strong>tilauksen kokonaishinnasta<\/strong><\/th><th><strong>Korvaus 50 %<\/strong><br><strong>tilauksen kokonaishinnasta<\/strong><\/th><th><strong>Korvaus 100 %<\/strong><br><strong>tilauksen kokonaishinnasta<\/strong><\/th><\/tr><\/thead><tbody><tr><td>Enint\u00e4\u00e4n 5<\/td><td>2 p\u00e4iv\u00e4\u00e4<\/td><td>&#8211;<\/td><td>&#8211;<\/td><td>0\u20131 p\u00e4iv\u00e4\u00e4<\/td><\/tr><tr><td>6\u201315<\/td><td>14 p\u00e4iv\u00e4\u00e4<\/td><td>8\u201313 p\u00e4iv\u00e4\u00e4<\/td><td>4\u20137 p\u00e4iv\u00e4\u00e4<\/td><td>0\u20133 p\u00e4iv\u00e4\u00e4<\/td><\/tr><tr><td>16\u201330<\/td><td>30 p\u00e4iv\u00e4\u00e4<\/td><td>15\u201329 p\u00e4iv\u00e4\u00e4<\/td><td>8\u201314 p\u00e4iv\u00e4\u00e4<\/td><td>0\u20137 p\u00e4iv\u00e4\u00e4<\/td><\/tr><tr><td>31+<\/td><td>Sopimuksen mukaan<\/td><td>Sopimuksen mukaan<\/td><td>Sopimuksen mukaan<\/td><td>Sopimuksen mukaan<\/td><\/tr><\/tbody><\/table><\/figure>\n\n\n\n<p class=\"wp-el\"><strong>Hotelli voi soveltaa tiukempia ehtoja sesonkiaikoina, yli 31 huoneen varauksissa tai erikoistarjouksissa. T\u00e4ll\u00f6in ehdot vahvistetaan erikseen s\u00e4hk\u00f6postitse.<\/strong><\/p>\n\n\n\n<p class=\"wp-el\"><\/p>\n","protected":false},"excerpt":{"rendered":"<p>Yleiset Varausehdot Muutos- ja Peruutusehdot Varauksille enint\u00e4\u00e4n 5 huonetta Muutos- ja Peruutusehdot Varauksille 6 tai enemm\u00e4n huoneita \u2013 Ryhm\u00e4varauksen vahvistettua&#8230;<\/p>\n","protected":false},"author":6,"featured_media":0,"parent":0,"menu_order":14,"comment_status":"closed","ping_status":"closed","template":"","meta":{"_acf_changed":false,"inline_featured_image":false,"footnotes":""},"class_list":["post-16891","page","type-page","status-publish","hentry"],"acf":[],"_links":{"self":[{"href":"https:\/\/www.wagenkull.ee\/fi\/wp-json\/wp\/v2\/pages\/16891","targetHints":{"allow":["GET"]}}],"collection":[{"href":"https:\/\/www.wagenkull.ee\/fi\/wp-json\/wp\/v2\/pages"}],"about":[{"href":"https:\/\/www.wagenkull.ee\/fi\/wp-json\/wp\/v2\/types\/page"}],"author":[{"embeddable":true,"href":"https:\/\/www.wagenkull.ee\/fi\/wp-json\/wp\/v2\/users\/6"}],"replies":[{"embeddable":true,"href":"https:\/\/www.wagenkull.ee\/fi\/wp-json\/wp\/v2\/comments?post=16891"}],"version-history":[{"count":2,"href":"https:\/\/www.wagenkull.ee\/fi\/wp-json\/wp\/v2\/pages\/16891\/revisions"}],"predecessor-version":[{"id":16900,"href":"https:\/\/www.wagenkull.ee\/fi\/wp-json\/wp\/v2\/pages\/16891\/revisions\/16900"}],"wp:attachment":[{"href":"https:\/\/www.wagenkull.ee\/fi\/wp-json\/wp\/v2\/media?parent=16891"}],"curies":[{"name":"wp","href":"https:\/\/api.w.org\/{rel}","templated":true}]}}