{"id":14027,"date":"2025-09-01T09:37:33","date_gmt":"2025-09-01T06:37:33","guid":{"rendered":"https:\/\/www.wagenkull.ee\/sundmused\/"},"modified":"2025-11-05T13:56:52","modified_gmt":"2025-11-05T11:56:52","slug":"wagenkull-tapahtumat","status":"publish","type":"page","link":"https:\/\/www.wagenkull.ee\/fi\/wagenkull-tapahtumat\/","title":{"rendered":"Tapahtumat"},"content":{"rendered":"\n<p class=\"has-text-align-center has-semi-large-font-size wp-el\">Wagenk\u00fcllin linnakylpyl\u00e4 on ainutlaatuinen paikka \u2013 t\u00e4\u00e4ll\u00e4 eleganssi ja maalaismilj\u00f6\u00f6, historia ja nykyp\u00e4iv\u00e4 kietoutuvat yhteen.<br>Tietoja ja varaukset: <a href=\"tel:3727666390\">+372 766 6390<\/a>, <a href=\"mailto:info@wagenkull.ee\">info@wagenkull.ee<\/a><\/p>\n\n\n<div class=\"ama-block block-txtmedia is-style-w-bg-grad-left is-media-wide\"><div class=\"block__body\"><div class=\"body__content\">\n\n<h2 class=\"wp-block-heading wp-el\">Unohtumattomia hetki\u00e4 Wagenk\u00fcllin linnakylpyl\u00e4ss\u00e4<\/h2>\n\n\n\n<p class=\"wp-el\">T\u00e4nne voi tulla viett\u00e4m\u00e4\u00e4n h\u00e4it\u00e4 sek\u00e4 n\u00e4ytt\u00e4v\u00e4sti ett\u00e4 yksityisesti \u2013 vain sin\u00e4 ja h\u00e4n. Seuraa unelmiasi ja tee t\u00e4st\u00e4 p\u00e4iv\u00e4st\u00e4 unohtumaton kaikille l\u00e4heisillesi.<\/p>\n\n\n\n<p class=\"wp-el\">Tai ehk\u00e4 etsit inspiroivaa ja rauhallista ymp\u00e4rist\u00f6\u00e4 koulutuksen tai seminaarin j\u00e4rjest\u00e4miseen \u2013 linnakylpyl\u00e4 Wagenk\u00fcll on siihen sopiva paikka. Ajatusten lentoa tukevat ymp\u00e4rill\u00e4si avautuva kaunis luonto ja historiallinen milj\u00f6\u00f6.<\/p>\n\n\n\n<p class=\"wp-el\">Tarjoamme mukavaa majoitusta historian havinalla s\u00e4vyttyneess\u00e4 Wagenk\u00fcllin linnakylpyl\u00e4ss\u00e4 jopa 150 vieraalle, maukkaita ruokia, vierailun ylellisess\u00e4 kylpyl\u00e4- ja saunakeskuksessa sek\u00e4 rentouttavia ja monipuolisia hoitoja.<\/p>\n\n<\/div><div class=\"body__media\"><div class=\"splide ama_light_gallery_block\" data-splide={\"type\":\"fade\",\"arrows\":false,\"pagination\":false}><div class=\"splide__track\"><ul class=\"splide__list\"><li class=\"splide__slide\"><a href=\"https:\/\/www.wagenkull.ee\/wp-content\/uploads\/2025\/08\/AAA07895-1410x940.png\"><img decoding=\"async\" width=\"975\" height=\"640\" src=\"https:\/\/www.wagenkull.ee\/wp-content\/uploads\/bis-images\/13481\/AAA07895-975x640-f50_50.png\" class=\"attachment-975x640\" alt=\"AAA07895\" loading=\"lazy\" \/><\/a><\/li><\/ul><\/div><\/div><\/div><\/div><\/div>\n\n<div class=\"ama-block block-cards\" data-block-columns=\"2\"><div class=\"block__body\"><a href=\"https:\/\/www.wagenkull.ee\/fi\/wagenkull-tapahtumat\/haat-wagenkullissa\/\" class=\"card-item has-link\"><div class=\"item__thumb\"><img decoding=\"async\" width=\"690\" height=\"420\" src=\"https:\/\/www.wagenkull.ee\/wp-content\/uploads\/bis-images\/1782\/18.05.2024_1_Taavi-Bergmann-690x420-f50_50.webp\" class=\"attachment-690x420\" alt=\"18.05.2024_1_Taavi-Bergmann\" loading=\"lazy\" \/><\/div><div class=\"item__content\"><p class=\"is-title\">H\u00e4\u00e4t<\/p><div class=\"classic-editor\"><p>Meill\u00e4 on mahdollista j\u00e4rjest\u00e4\u00e4 satumaiset h\u00e4\u00e4t jopa 140 hengelle. Wagenk\u00fcllin linnakylpyl\u00e4 on erityinen paikka \u2013 t\u00e4\u00e4ll\u00e4 eleganssi ja maalaismilj\u00f6\u00f6, historia ja nykyp\u00e4iv\u00e4 kietoutuvat yhteen. T\u00e4nne voi tulla viett\u00e4m\u00e4\u00e4n h\u00e4it\u00e4 sek\u00e4 n\u00e4ytt\u00e4v\u00e4sti ett\u00e4 yksityisesti \u2013 vain sin\u00e4 ja h\u00e4n. Seuraa unelmiasi ja tee t\u00e4st\u00e4 p\u00e4iv\u00e4st\u00e4 unohtumaton kaikille l\u00e4heisillesi.<\/p>\n<\/div><\/div><div class=\"item__end wp-block-button is-style-simple\"><span class=\"wp-block-button__link\">Katso lis\u00e4\u00e4<\/span><\/div><\/a><a href=\"https:\/\/www.wagenkull.ee\/fi\/wagenkull-tapahtumat\/syntymapaivat-wagenkullissa\/\" class=\"card-item has-link\"><div class=\"item__thumb\"><img decoding=\"async\" width=\"690\" height=\"420\" src=\"https:\/\/www.wagenkull.ee\/wp-content\/uploads\/bis-images\/6386\/wagenkyll-492-690x420-f50_50.jpg\" class=\"attachment-690x420\" alt=\"wagenkyll-492\" loading=\"lazy\" \/><\/div><div class=\"item__content\"><p class=\"is-title\">Syntym\u00e4p\u00e4iv\u00e4t<\/p><div class=\"classic-editor\"><p>Tule viett\u00e4m\u00e4\u00e4n aikaa linnassa ja tunne olosi ylelliseksi kuin paroni tai paronitar! Syntym\u00e4p\u00e4iv\u00e4juhlan onnistumisessa suuri merkitys on juhlapaikan valinnalla, maukkaalla illallisella ja iloisilla vierailla. T\u00e4t\u00e4 varten Wagenk\u00fcllin linnakylpyl\u00e4 on valmis tarjoamaan sinulle viihtyis\u00e4n oleskelun kauniissa linna\u00admilj\u00f6\u00f6ss\u00e4 ja kattamaan sinulle kauniin ja juhlavan syntym\u00e4p\u00e4iv\u00e4p\u00f6yd\u00e4n herkullisine ruokalajeineen ja laajoine juomavalikoimineen. Vierasm\u00e4\u00e4r\u00e4n mukaan katamme p\u00f6yd\u00e4t kodikkaaseen 1930-luvun tyyli\u00e4 edustavaan ravintolaan Hattu ja Kaabu.<\/p>\n<\/div><\/div><div class=\"item__end wp-block-button is-style-simple\"><span class=\"wp-block-button__link\">Katso lis\u00e4\u00e4<\/span><\/div><\/a><a href=\"https:\/\/www.wagenkull.ee\/fi\/wagenkull-tapahtumat\/tiimitapahtumat\/\" class=\"card-item has-link\"><div class=\"item__thumb\"><img decoding=\"async\" width=\"690\" height=\"420\" src=\"https:\/\/www.wagenkull.ee\/wp-content\/uploads\/bis-images\/1732\/wagenkull_anna_sofia_konverents-scaled-1-690x420-f50_50.jpg\" class=\"attachment-690x420\" alt=\"wagenkull_anna_sofia_konverents-scaled\" loading=\"lazy\" \/><\/div><div class=\"item__content\"><p class=\"is-title\">Tiimitapahtumat<\/p><div class=\"classic-editor\"><p>Wagenk\u00fcllin linnakylpyl\u00e4 on paikka, jossa tiimitapahtumat saavat uuden merkityksen. T\u00e4\u00e4ll\u00e4 historiallinen eleganssi, rauhoittava luonto ja nykyaikainen mukavuus kohtaavat \u2013 kaikki sen eteen, ett\u00e4 ymp\u00e4rist\u00f6 tukisi ajatusten lentoa, yhteisty\u00f6t\u00e4 ja luovuutta.<\/p>\n<\/div><\/div><div class=\"item__end wp-block-button is-style-simple\"><span class=\"wp-block-button__link\">Katso lis\u00e4\u00e4<\/span><\/div><\/a><a href=\"https:\/\/www.wagenkull.ee\/fi\/wagenkull-tapahtumat\/koko-kompleksi\/\" class=\"card-item has-link\"><div class=\"item__thumb\"><img decoding=\"async\" width=\"690\" height=\"420\" src=\"https:\/\/www.wagenkull.ee\/wp-content\/uploads\/bis-images\/3390\/AAA06133_opt-690x420-f50_50.jpg\" class=\"attachment-690x420\" alt=\"AAA06133_opt\" loading=\"lazy\" \/><\/div><div class=\"item__content\"><p class=\"is-title\">Koko kompleksi<\/p><div class=\"classic-editor\"><p>Wagenk\u00fcllin hotellikompleksissa tarjoamme joustavia mahdollisuuksia jokaiseen tilaisuuteen \u2013 olipa kyseess\u00e4 romanttinen loma, juhlava vastaanotto tai n\u00e4ytt\u00e4v\u00e4 tilaisuus.<\/p>\n<\/div><\/div><div class=\"item__end wp-block-button is-style-simple\"><span class=\"wp-block-button__link\">Katso lis\u00e4\u00e4<\/span><\/div><\/a><\/div><\/div>","protected":false},"excerpt":{"rendered":"<p>Wagenk\u00fcllin linnakylpyl\u00e4 on ainutlaatuinen paikka \u2013 t\u00e4\u00e4ll\u00e4 eleganssi ja maalaismilj\u00f6\u00f6, historia ja nykyp\u00e4iv\u00e4 kietoutuvat yhteen.Tietoja ja varaukset: +372 766 6390,&#8230;<\/p>\n","protected":false},"author":1,"featured_media":0,"parent":0,"menu_order":180,"comment_status":"closed","ping_status":"closed","template":"","meta":{"_acf_changed":false,"inline_featured_image":false,"footnotes":""},"class_list":["post-14027","page","type-page","status-publish","hentry"],"acf":[],"_links":{"self":[{"href":"https:\/\/www.wagenkull.ee\/fi\/wp-json\/wp\/v2\/pages\/14027","targetHints":{"allow":["GET"]}}],"collection":[{"href":"https:\/\/www.wagenkull.ee\/fi\/wp-json\/wp\/v2\/pages"}],"about":[{"href":"https:\/\/www.wagenkull.ee\/fi\/wp-json\/wp\/v2\/types\/page"}],"author":[{"embeddable":true,"href":"https:\/\/www.wagenkull.ee\/fi\/wp-json\/wp\/v2\/users\/1"}],"replies":[{"embeddable":true,"href":"https:\/\/www.wagenkull.ee\/fi\/wp-json\/wp\/v2\/comments?post=14027"}],"version-history":[{"count":2,"href":"https:\/\/www.wagenkull.ee\/fi\/wp-json\/wp\/v2\/pages\/14027\/revisions"}],"predecessor-version":[{"id":15245,"href":"https:\/\/www.wagenkull.ee\/fi\/wp-json\/wp\/v2\/pages\/14027\/revisions\/15245"}],"wp:attachment":[{"href":"https:\/\/www.wagenkull.ee\/fi\/wp-json\/wp\/v2\/media?parent=14027"}],"curies":[{"name":"wp","href":"https:\/\/api.w.org\/{rel}","templated":true}]}}