{"id":14015,"date":"2025-09-01T09:50:53","date_gmt":"2025-09-01T06:50:53","guid":{"rendered":"https:\/\/www.wagenkull.ee\/sunnipaevad-wagenkullis\/"},"modified":"2025-11-05T13:57:48","modified_gmt":"2025-11-05T11:57:48","slug":"syntymapaivat-wagenkullissa","status":"publish","type":"page","link":"https:\/\/www.wagenkull.ee\/fi\/wagenkull-tapahtumat\/syntymapaivat-wagenkullissa\/","title":{"rendered":"Syntym\u00e4p\u00e4iv\u00e4t Wagenk\u00fclliss\u00e4"},"content":{"rendered":"\n<p class=\"has-text-align-center has-semi-large-font-size wp-el\">Tule ja tunne olosi ylelliseksi linnassa aikaa viett\u00e4en kuin paroni tai paronitar!<\/p>\n\n\n\n<p class=\"has-text-align-center has-semi-large-font-size wp-el\">Tiedustelut ja varaukset: <a href=\"tel:3727666390\">+372 766 6390<\/a>, <a href=\"mailto:info@wagenkull.ee\">info@wagenkull.ee<\/a><\/p>\n\n\n<div class=\"ama-block block-txtmedia is-style-w-bg-grad-left reverse-order is-media-default\"><div class=\"block__body\"><div class=\"body__content\">\n\n<h2 class=\"wp-block-heading wp-el\">Syntym\u00e4p\u00e4iv\u00e4 juhlallisesti Wagenk\u00fcllin linnakylpyl\u00e4ss\u00e4<\/h2>\n\n\n\n<p class=\"wp-el\">Syntym\u00e4p\u00e4iv\u00e4juhlien onnistumisessa suuri merkitys on juhlapaikan valinnalla, maukkaalla illallisella ja iloisilla vierailla. T\u00e4t\u00e4 varten Wagenk\u00fcllin linnakylpyl\u00e4 on valmis tarjoamaan sinulle viihtyis\u00e4n oleskelun kauniissa linna\u00admilj\u00f6\u00f6ss\u00e4mme ja kattamaan sinulle kauniin ja juhlavan syntym\u00e4p\u00e4iv\u00e4p\u00f6yd\u00e4n herkullisine ruokalajeineen ja laajoine juomavalikoimineen. Vierasm\u00e4\u00e4r\u00e4n mukaan katamme p\u00f6yd\u00e4t kodikkaaseen 1930-luvun tyyli\u00e4 edustavaan ravintolaan Hattu ja Kaabu.<\/p>\n\n\n\n<p class=\"wp-el\">Jotta vieraiden ei tarvitsisi l\u00e4hte\u00e4 liian aikaisin, tarjoamme majoitusta linnakylpyl\u00e4n kodikkaissa huoneissa jopa 150 vieraalle; majoituksen hintaan sis\u00e4ltyv\u00e4t aamiainen sek\u00e4 rajaton kylpyl\u00e4- ja saunakeskuksen k\u00e4ytt\u00f6. Lis\u00e4ksi vieraat voivat halutessaan nauttia linnakylpyl\u00e4mme rentouttavista ja monipuolisista hoidoista.<\/p>\n\n\n\n<div class=\"wp-block-buttons is-layout-flex wp-block-buttons-is-layout-flex\">\n<div class=\"wp-block-button\"><a class=\"wp-block-button__link wp-element-button\" href=\"mailto:info@wagenkull.ee\">info@wagenkull.ee<\/a><\/div>\n\n\n\n<div class=\"wp-block-button\"><a class=\"wp-block-button__link has-secondary-background-color has-background wp-element-button\" href=\"tel:+372 766 6490\">+372 766 6490<\/a><\/div>\n<\/div>\n\n<\/div><div class=\"body__media\"><div class=\"splide ama_light_gallery_block\" data-splide={\"type\":\"fade\",\"arrows\":false,\"pagination\":false}><div class=\"splide__track\"><ul class=\"splide__list\"><li class=\"splide__slide\"><a href=\"https:\/\/www.wagenkull.ee\/wp-content\/uploads\/2025\/09\/vann_romantikapakett-scaled-1-989x1410.jpg\"><img decoding=\"async\" width=\"690\" height=\"460\" src=\"https:\/\/www.wagenkull.ee\/wp-content\/uploads\/bis-images\/1386\/vann_romantikapakett-scaled-1-690x460-f50_50.jpg\" class=\"attachment-690x460\" alt=\"vann_romantikapakett-scaled\" loading=\"lazy\" \/><\/a><\/li><\/ul><\/div><\/div><\/div><\/div><\/div>\n\n<div class=\"ama-block block-cards\" data-block-columns=\"2\"><div class=\"block__header has-text-align-center\"><h2>Miss\u00e4 salissa haluaisit juhlia syntym\u00e4p\u00e4iv\u00e4\u00e4si?<\/h2><\/div><div class=\"block__body\"><a href=\"https:\/\/www.wagenkull.ee\/fi\/seminaari\/inspiroivat-tilat-wagenkullissa\/puutarhatalon-kristallisali\/\" class=\"card-item has-link\"><div class=\"item__thumb\"><img decoding=\"async\" width=\"690\" height=\"420\" src=\"https:\/\/www.wagenkull.ee\/wp-content\/uploads\/bis-images\/4911\/AAA07437-690x420-f50_50.jpg\" class=\"attachment-690x420\" alt=\"AAA07437\" loading=\"lazy\" \/><\/div><div class=\"item__content\"><p class=\"is-title\">Kristallisali<\/p><div class=\"classic-editor\"><p><strong>Kristallisali on yksi Wagenk\u00fcllin juhlavimmista ja n\u00e4ytt\u00e4vimmist\u00e4 tiloista, jossa ylellisyys ja historia kohtaavat inspiroivassa ilmapiiriss\u00e4<\/strong>. Se on ihanteellinen paikka juhliin, kokouksiin tai erityistilaisuuksiin, joissa jokainen yksityiskohta tukee unohtumatonta el\u00e4myst\u00e4.<\/p>\n<\/div><\/div><div class=\"item__end wp-block-button is-style-simple\"><span class=\"wp-block-button__link\">Katso lis\u00e4\u00e4<\/span><\/div><\/a><a href=\"https:\/\/www.wagenkull.ee\/fi\/ravintola\/ravintolan-salit\/\" class=\"card-item has-link\"><div class=\"item__thumb\"><img decoding=\"async\" width=\"690\" height=\"420\" src=\"https:\/\/www.wagenkull.ee\/wp-content\/uploads\/bis-images\/6386\/wagenkyll-492-690x420-f50_50.jpg\" class=\"attachment-690x420\" alt=\"wagenkyll-492\" loading=\"lazy\" \/><\/div><div class=\"item__content\"><p class=\"is-title\">Ravintola<\/p><div class=\"classic-editor\"><p>Wagenk\u00fcllin linnakylpyl\u00e4ss\u00e4 on kolme erilaista salia, joissa voi nauttia ravintola Wagenk\u00fcllin valmistamista herkullisista ruoista, viett\u00e4\u00e4 merkkip\u00e4ivi\u00e4 tai vain ottaa aikaa itselle ja nauttia seurasta.<\/p>\n<\/div><\/div><div class=\"item__end wp-block-button is-style-simple\"><span class=\"wp-block-button__link\">Katso lis\u00e4\u00e4<\/span><\/div><\/a><\/div><\/div>\n\n<div  class=\"ama-block block-gallery is-style-slider-v2\"><div class=\"block__body ama_light_gallery_block\"><div class=\"bound-splide\"><div class=\"splide secondary__splide splide-thumbnails\" data-splide={\"type\":\"slide\",\"gap\":\"1.875rem\",\"perPage\":5,\"breakpoints\":{\"420\":{\"perPage\":1},\"568\":{\"perPage\":2},\"768\":{\"perPage\":3},\"991\":{\"perPage\":4}},\"isNavigation\":false,\"pagination\":false}><div class=\"splide__track\"><ul class=\"splide__list\"><li class=\"splide__slide\"><span><a href=\"https:\/\/www.wagenkull.ee\/wp-content\/uploads\/2025\/10\/wagenkyll-345-1410x1058.jpg\"><img decoding=\"async\" width=\"210\" height=\"210\" src=\"https:\/\/www.wagenkull.ee\/wp-content\/uploads\/bis-images\/2975\/wagenkyll-345-210x210-f50_50.jpg\" class=\"attachment-210x210\" alt=\"wagenkyll-345\" loading=\"lazy\" \/><\/a><\/span><\/li><li class=\"splide__slide\"><span><a href=\"https:\/\/www.wagenkull.ee\/wp-content\/uploads\/2025\/09\/wagenkyll-557-1410x1058.jpg\"><img decoding=\"async\" width=\"210\" height=\"210\" src=\"https:\/\/www.wagenkull.ee\/wp-content\/uploads\/bis-images\/3229\/wagenkyll-557-210x210-f50_50.jpg\" class=\"attachment-210x210\" alt=\"wagenkyll-557\" loading=\"lazy\" \/><\/a><\/span><\/li><li class=\"splide__slide\"><span><a href=\"https:\/\/www.wagenkull.ee\/wp-content\/uploads\/2025\/10\/wagenkyll-338-1-1410x1058.jpg\"><img decoding=\"async\" width=\"210\" height=\"210\" src=\"https:\/\/www.wagenkull.ee\/wp-content\/uploads\/bis-images\/2945\/wagenkyll-338-1-210x210-f50_50.jpg\" class=\"attachment-210x210\" alt=\"wagenkyll-338\" loading=\"lazy\" \/><\/a><\/span><\/li><li class=\"splide__slide\"><span><a href=\"https:\/\/www.wagenkull.ee\/wp-content\/uploads\/2025\/10\/wagenkyll-523-1410x1058.jpg\"><img decoding=\"async\" width=\"210\" height=\"210\" src=\"https:\/\/www.wagenkull.ee\/wp-content\/uploads\/bis-images\/3041\/wagenkyll-523-210x210-f50_50.jpg\" class=\"attachment-210x210\" alt=\"wagenkyll-523\" loading=\"lazy\" \/><\/a><\/span><\/li><li class=\"splide__slide\"><span><a href=\"https:\/\/www.wagenkull.ee\/wp-content\/uploads\/2025\/10\/wagenkyll-333-1410x1058.jpg\"><img decoding=\"async\" width=\"210\" height=\"210\" src=\"https:\/\/www.wagenkull.ee\/wp-content\/uploads\/bis-images\/2925\/wagenkyll-333-210x210-f50_50.jpg\" class=\"attachment-210x210\" alt=\"wagenkyll-333\" loading=\"lazy\" \/><\/a><\/span><\/li><li class=\"splide__slide\"><span><a href=\"https:\/\/www.wagenkull.ee\/wp-content\/uploads\/2025\/09\/image00045-943x1410.jpeg\"><img decoding=\"async\" width=\"210\" height=\"210\" src=\"https:\/\/www.wagenkull.ee\/wp-content\/uploads\/bis-images\/3219\/image00045-210x210-f50_50.jpeg\" class=\"attachment-210x210\" alt=\"Processed with VSCO with a6 preset\" loading=\"lazy\" \/><\/a><\/span><\/li><li class=\"splide__slide\"><span><a href=\"https:\/\/www.wagenkull.ee\/wp-content\/uploads\/2025\/10\/wagenkyll-337-1410x1058.jpg\"><img decoding=\"async\" width=\"210\" height=\"210\" src=\"https:\/\/www.wagenkull.ee\/wp-content\/uploads\/bis-images\/2940\/wagenkyll-337-210x210-f50_50.jpg\" class=\"attachment-210x210\" alt=\"wagenkyll-337\" loading=\"lazy\" \/><\/a><\/span><\/li><li class=\"splide__slide\"><span><a href=\"https:\/\/www.wagenkull.ee\/wp-content\/uploads\/2025\/10\/wagenkyll-324-1410x1058.jpg\"><img decoding=\"async\" width=\"210\" height=\"210\" src=\"https:\/\/www.wagenkull.ee\/wp-content\/uploads\/bis-images\/2890\/wagenkyll-324-210x210-f50_50.jpg\" class=\"attachment-210x210\" alt=\"wagenkyll-324\" loading=\"lazy\" \/><\/a><\/span><\/li><\/ul><\/div><div class=\"splide__arrows\"><button class=\"splide__arrow splide__arrow--prev\"><svg xmlns=\"http:\/\/www.w3.org\/2000\/svg\" width=\"16\" height=\"12\" viewBox=\"0 0 16 12\"><path d=\"M-2456.747-3425.252a.8.8,0,0,0,0-1.212l-4.04-3.679h11.845A.9.9,0,0,0-2448-3431a.9.9,0,0,0-.941-.857h-11.844l4.039-3.679a.8.8,0,0,0,0-1.212,1.007,1.007,0,0,0-1.331,0l-5.647,5.142a.8.8,0,0,0,0,1.213l5.647,5.142a.99.99,0,0,0,.666.251A.989.989,0,0,0-2456.747-3425.252Z\" transform=\"translate(2464.001 3437.001)\" fill=\"currentColor\"\/><\/svg><\/button><button class=\"splide__arrow splide__arrow--next\"><svg xmlns=\"http:\/\/www.w3.org\/2000\/svg\" width=\"16\" height=\"12\" viewBox=\"0 0 16 12\"><path d=\"M-2455.254-3425.252a.8.8,0,0,1,0-1.212l4.04-3.679h-11.845A.9.9,0,0,1-2464-3431a.9.9,0,0,1,.941-.857h11.844l-4.039-3.679a.8.8,0,0,1,0-1.212,1.007,1.007,0,0,1,1.331,0l5.647,5.142a.8.8,0,0,1,0,1.213l-5.647,5.142a.99.99,0,0,1-.666.251A.989.989,0,0,1-2455.254-3425.252Z\" transform=\"translate(2464.001 3437.001)\" fill=\"currentColor\"\/><\/svg><\/button><\/div><\/div><\/div><\/div><\/div>","protected":false},"excerpt":{"rendered":"<p>Tule ja tunne olosi ylelliseksi linnassa aikaa viett\u00e4en kuin paroni tai paronitar! Tiedustelut ja varaukset: +372 766 6390, info@wagenkull.ee<\/p>\n","protected":false},"author":1,"featured_media":0,"parent":14027,"menu_order":196,"comment_status":"closed","ping_status":"closed","template":"","meta":{"_acf_changed":false,"inline_featured_image":false,"footnotes":""},"class_list":["post-14015","page","type-page","status-publish","hentry"],"acf":[],"_links":{"self":[{"href":"https:\/\/www.wagenkull.ee\/fi\/wp-json\/wp\/v2\/pages\/14015","targetHints":{"allow":["GET"]}}],"collection":[{"href":"https:\/\/www.wagenkull.ee\/fi\/wp-json\/wp\/v2\/pages"}],"about":[{"href":"https:\/\/www.wagenkull.ee\/fi\/wp-json\/wp\/v2\/types\/page"}],"author":[{"embeddable":true,"href":"https:\/\/www.wagenkull.ee\/fi\/wp-json\/wp\/v2\/users\/1"}],"replies":[{"embeddable":true,"href":"https:\/\/www.wagenkull.ee\/fi\/wp-json\/wp\/v2\/comments?post=14015"}],"version-history":[{"count":2,"href":"https:\/\/www.wagenkull.ee\/fi\/wp-json\/wp\/v2\/pages\/14015\/revisions"}],"predecessor-version":[{"id":15246,"href":"https:\/\/www.wagenkull.ee\/fi\/wp-json\/wp\/v2\/pages\/14015\/revisions\/15246"}],"up":[{"embeddable":true,"href":"https:\/\/www.wagenkull.ee\/fi\/wp-json\/wp\/v2\/pages\/14027"}],"wp:attachment":[{"href":"https:\/\/www.wagenkull.ee\/fi\/wp-json\/wp\/v2\/media?parent=14015"}],"curies":[{"name":"wp","href":"https:\/\/api.w.org\/{rel}","templated":true}]}}