{"id":13979,"date":"2025-09-03T07:50:13","date_gmt":"2025-09-03T04:50:13","guid":{"rendered":"https:\/\/www.wagenkull.ee\/kogu-kompleks\/"},"modified":"2025-11-04T13:28:44","modified_gmt":"2025-11-04T11:28:44","slug":"koko-kompleksi","status":"publish","type":"page","link":"https:\/\/www.wagenkull.ee\/fi\/wagenkull-tapahtumat\/koko-kompleksi\/","title":{"rendered":"Koko kompleksi"},"content":{"rendered":"<div class=\"ama-block block-submenu\"><div class=\"block__body\"><button class=\"toggle-qmenu\" type=\"button\" aria-label=\"Show quickmenu\"><\/button><div class=\"qmenu-wrapper\"><ul class=\"menu\"><li><a href=\"#kogu-kompleks\"><span>Koko kompleksi<\/span><\/a><\/li><li><a href=\"#taagepera-loss\"><span>Taageperan linna<\/span><\/a><\/li><li><a href=\"#pargimaja\"><span>Puutarhatalo Kristallisalin kanssa<\/span><\/a><\/li><li><a href=\"#valitsejamaja\"><span>Valvojan talo<\/span><\/a><\/li><\/ul><\/div><\/div><\/div>\n\n\n<h2 class=\"wp-block-heading has-text-align-center wp-el\"><strong>Varaa Wagenk\u00fcllin linnakylpyl\u00e4 \u2013 juuri sellaisena kuin sinulle sopii<\/strong><\/h2>\n\n\n\n<p class=\"has-text-align-center has-semi-large-font-size wp-el\">Wagenk\u00fcllin hotellikompleksissa tarjoamme joustavia mahdollisuuksia jokaista tilaisuutta varten \u2013 olipa kyseess\u00e4 romanttinen loma, juhlava vastaanotto tai n\u00e4ytt\u00e4v\u00e4 tilaisuus.<\/p>\n\n\n\n<p class=\"has-text-align-center wp-el\">Isommille ryhmille on mahdollista varata Taageperan linna, Taageperan linna yhdess\u00e4 Puutarhatalon kanssa (yhdistetty maanalaisella tunnelilla) tai erillinen Valvojan talo pienemmille seurueille. Halutessasi voit varata my\u00f6s koko hotellikompleksin.<br><\/p>\n\n\n\n<p class=\"has-text-align-center wp-el\">Valinta on sinun \u2013 me huolehdimme siit\u00e4, ett\u00e4 kokemus on unohtumaton.<\/p>\n\n\n<div id=\"taagepera-loss\" class=\"ama-block block-txtmedia is-style-w-bg-grad-left reverse-order has-scrollbar is-media-default\"><div class=\"block__body\"><div class=\"body__content\">\n\n<h2 class=\"wp-block-heading wp-el\">Historiallinen Taageperan linna<\/h2>\n\n\n\n<p class=\"wp-el\"><strong>Historiallinen eleganssi ja intiimi tunnelma<\/strong> \u2013 ihanteellinen valinta juhlaviin illallisiin, eksklusiivisiin vastaanottoihin tai pienempiin tilaisuuksiin.<\/p>\n\n\n\n<p class=\"has-medium-font-size wp-el\">Taageperan linnan varaus sis\u00e4lt\u00e4\u00e4:<\/p>\n\n\n\n<ul class=\"wp-block-list wp-el\">\n<li>Majoitus Taageperan linnassa (30 huonetta), majoitus noin 60 henkil\u00f6lle;<\/li>\n\n\n\n<li>ajanhengen mukainen ravintolasali Hattu ja Kaabu;<\/li>\n\n\n\n<li>juhlallisesti katetut illallisp\u00f6yd\u00e4t ja tarjoilu;<\/li>\n\n\n\n<li>kylpyl\u00e4- ja saunakeskuksen k\u00e4ytt\u00f6 saapumisp\u00e4iv\u00e4n\u00e4 klo 15.00\u201322.00 sek\u00e4 tapahtuman j\u00e4lkeisen\u00e4 aamuna klo 9.00\u201312.00;<\/li>\n\n\n\n<li>aamiainen tapahtuman j\u00e4lkeisen\u00e4 aamuna;<\/li>\n\n\n\n<li>teemapuiston vierailu aukioloaikoina;<\/li>\n\n\n\n<li>maksuton WiFi ja pys\u00e4k\u00f6inti.<\/li>\n<\/ul>\n\n\n\n<p class=\"has-medium-font-size wp-el\"><strong>Talvihinta alkaen: 5650 \u20ac (ma\u2013to) ja 6990 \u20ac (pe, la)<\/strong><\/p>\n\n\n\n<p class=\"has-medium-font-size wp-el\"><strong>Kes\u00e4hinta alkaen: 7690 \u20ac<\/strong><\/p>\n\n\n\n<p class=\"wp-el\"><em>*Lis\u00e4palvelut: illallinen, viihdeohjelma.<\/em><\/p>\n\n\n\n<p class=\"wp-el\"><em>*Kylpyl\u00e4- ja saunakeskus sek\u00e4 ravintolan p\u00e4\u00e4sali ovat avoinna my\u00f6s muille hotellivieraille.<\/em><\/p>\n\n<\/div><div class=\"body__media\"><div class=\"splide ama_light_gallery_block\" data-splide={\"type\":\"fade\",\"arrows\":false,\"pagination\":false}><div class=\"splide__track\"><ul class=\"splide__list\"><li class=\"splide__slide\"><a href=\"https:\/\/www.wagenkull.ee\/wp-content\/uploads\/2025\/10\/AAA06133_opt-1410x777.jpg\"><img decoding=\"async\" width=\"690\" height=\"460\" src=\"https:\/\/www.wagenkull.ee\/wp-content\/uploads\/bis-images\/3390\/AAA06133_opt-690x460-f50_50.jpg\" class=\"attachment-690x460\" alt=\"AAA06133_opt\" loading=\"lazy\" \/><\/a><\/li><\/ul><\/div><\/div><\/div><\/div><\/div>\n\n<div id=\"pargimaja\" class=\"ama-block block-txtmedia is-style-w-bg-grad-right has-scrollbar is-media-default\"><div class=\"block__body\"><div class=\"body__content\">\n\n<h2 class=\"wp-block-heading wp-el\">Puutarhatalo kristallinhohtoisella Kristallisalilla<\/h2>\n\n\n\n<p class=\"wp-el\">Viet\u00e4 unohtumaton ilta ylellisess\u00e4 kylpyl\u00e4hotellissa ja j\u00e4rjest\u00e4 juhlava tilaisuus kauniissa Kristallisalissa, jonka kattokruunuista ja Taageperan linnaan avautuvasta n\u00e4kym\u00e4st\u00e4 syntyy erityinen tunnelma. Puutarhatalo sopii erinomaisesti h\u00e4ihin, gaala-iltoihin, yritysjuhliin tai konferensseihin.<\/p>\n\n\n\n<p class=\"wp-el\">T\u00e4m\u00e4 on ihanteellinen tapa yhdist\u00e4\u00e4 juhlava ilmapiiri rentouttavaan kylpyl\u00e4el\u00e4mykseen.<\/p>\n\n\n\n<p class=\"has-medium-font-size wp-el\">Koko Puutarhatalon varaus sis\u00e4lt\u00e4\u00e4:<\/p>\n\n\n\n<ul class=\"wp-block-list wp-el\">\n<li>Kristallisalin eksklusiivinen k\u00e4ytt\u00f6 yhdeksi illaksi, juhlallisesti katettuna;<\/li>\n\n\n\n<li>mukavat Puutarhatalon huoneet yhdeksi y\u00f6ksi: 1 Panorama-sviitti, 2 deluxe-huonetta, 1 yhden hengen standardihuone, 36 kahden hengen standardihuonetta. Yhteens\u00e4 majoitus 79 henkil\u00f6lle;<\/li>\n\n\n\n<li>ylellisen kylpyl\u00e4- ja saunakeskuksen k\u00e4ytt\u00f6 saapumisp\u00e4iv\u00e4n\u00e4 klo 15.00\u201322.00 sek\u00e4 tapahtuman j\u00e4lkeisen\u00e4 aamuna klo 9.00\u201312.00;<\/li>\n\n\n\n<li>runsas ja terveellinen aamiainen;<\/li>\n\n\n\n<li>teemapuiston vierailu aukioloaikoina;<\/li>\n\n\n\n<li>maksuton WiFi ja pys\u00e4k\u00f6inti.<\/li>\n<\/ul>\n\n\n\n<p class=\"has-medium-font-size wp-el\"><strong>Talvihinta alkaen: 6750 \u20ac (ma\u2013to) ja 8800 \u20ac (pe, la)<\/strong><\/p>\n\n\n\n<p class=\"has-medium-font-size wp-el\"><strong>Kes\u00e4hinta alkaen: 14300 \u20ac<\/strong><\/p>\n\n\n\n<p class=\"wp-el\"><em>*Hinnat riippuvat valitun p\u00e4iv\u00e4n majoitushinnoista. Lis\u00e4palvelut: illallinen, viihdeohjelma.<\/em><\/p>\n\n<\/div><div class=\"body__media\"><div class=\"splide ama_light_gallery_block\" data-splide={\"type\":\"fade\",\"arrows\":false,\"pagination\":false}><div class=\"splide__track\"><ul class=\"splide__list\"><li class=\"splide__slide\"><a href=\"https:\/\/www.wagenkull.ee\/wp-content\/uploads\/2025\/09\/18.05.2024_1_Taavi-Bergmann-1410x940.webp\"><img decoding=\"async\" width=\"690\" height=\"460\" src=\"https:\/\/www.wagenkull.ee\/wp-content\/uploads\/bis-images\/1782\/18.05.2024_1_Taavi-Bergmann-690x460-f50_50.webp\" class=\"attachment-690x460\" alt=\"18.05.2024_1_Taavi-Bergmann\" loading=\"lazy\" \/><\/a><\/li><\/ul><\/div><\/div><\/div><\/div><\/div>\n\n<div id=\"valitsejamaja\" class=\"ama-block block-txtmedia is-style-w-bg-grad-left reverse-order has-scrollbar is-media-default\"><div class=\"block__body\"><div class=\"body__content\">\n\n<h2 class=\"wp-block-heading wp-el\">Valvojan talo<\/h2>\n\n\n\n<p class=\"wp-el\">T\u00e4ydellinen niille, jotka arvostavat hiljaisuutta, yksityisyytt\u00e4 ja persoonallista tunnelmaa. Sopii pienemmille ryhmille, perheille tai niille, jotka haluavat lev\u00e4t\u00e4 omassa rauhassa mutta nauttia samalla koko linna- ja kylpyl\u00e4kompleksin vieh\u00e4tyksest\u00e4.<\/p>\n\n\n\n<p class=\"has-medium-font-size wp-el\">Valvojan talon varaus sis\u00e4lt\u00e4\u00e4:<\/p>\n\n\n\n<ul class=\"wp-block-list wp-el\">\n<li>Mukavat Valvojan talon huoneet yhdeksi y\u00f6ksi: 3 kahden hengen standardihuonetta, 1 deluxe-huone, 1 sviitti. Yhteens\u00e4 majoitus 10 henkil\u00f6lle, mahdollisuus lis\u00e4vuoteisiin huoneissa;<\/li>\n\n\n\n<li>ylellisen kylpyl\u00e4- ja saunakeskuksen k\u00e4ytt\u00f6;<\/li>\n\n\n\n<li>runsas ja terveellinen aamiainen;<\/li>\n\n\n\n<li>teemapuiston vierailu aukioloaikoina;<\/li>\n\n\n\n<li>maksuton WiFi ja pys\u00e4k\u00f6inti.<\/li>\n<\/ul>\n\n\n\n<p class=\"has-medium-font-size wp-el\"><strong>Hinta alkaen: 830 \u20ac\/y\u00f6 (talvella) ja 1300 \u20ac\/y\u00f6 (kes\u00e4ll\u00e4)<\/strong><\/p>\n\n\n\n<p class=\"wp-el\">*Lis\u00e4palvelut: illallinen, viihdeohjelma.<\/p>\n\n<\/div><div class=\"body__media\"><div class=\"splide ama_light_gallery_block\" data-splide={\"type\":\"fade\",\"arrows\":false,\"pagination\":false}><div class=\"splide__track\"><ul class=\"splide__list\"><li class=\"splide__slide\"><a href=\"https:\/\/www.wagenkull.ee\/wp-content\/uploads\/2025\/08\/PANORAMA-SVIIT2-1410x940.png\"><img decoding=\"async\" width=\"690\" height=\"460\" src=\"https:\/\/www.wagenkull.ee\/wp-content\/uploads\/bis-images\/1929\/PANORAMA-SVIIT2-690x460-f50_50.png\" class=\"attachment-690x460\" alt=\"PANORAMA-SVIIT2\" loading=\"lazy\" \/><\/a><\/li><\/ul><\/div><\/div><\/div><\/div><\/div>\n\n<div id=\"kogu-kompleks\" class=\"ama-block block-txtmedia is-style-w-bg-grad-right has-scrollbar is-media-default\"><div class=\"block__body\"><div class=\"body__content\">\n\n<h2 class=\"wp-block-heading wp-el\">Koko hotellikompleksi \u2013 Taageperan linna, Puutarhatalo, Valvojan talo<\/h2>\n\n\n\n<p class=\"wp-el\">Ihanteellinen valinta h\u00e4ihin, konferensseihin tai n\u00e4ytt\u00e4viin tilaisuuksiin!<\/p>\n\n\n\n<p class=\"has-medium-font-size wp-el\">Koko kompleksi varaus sis\u00e4lt\u00e4\u00e4:<\/p>\n\n\n\n<ul class=\"wp-block-list wp-el\">\n<li>Eksklusiivinen jugendtyylinen Taageperan linna useine historiallisine saleineen;<\/li>\n\n\n\n<li>Puutarhatalo Kristallisalin kanssa, josta avautuu lumoava n\u00e4kym\u00e4 Taageperan linnaan. Kristallisalissa on lava ja tanssilattia, n\u00e4kym\u00e4 linnaan, \u00e4\u00e4nitekniikka ja suuri n\u00e4ytt\u00f6;<\/li>\n\n\n\n<li>ajanhengen mukainen Valvojan talo nykyaikaisilla mukavuuksilla;<\/li>\n\n\n\n<li>75 majoitushuonetta (noin 150 majoituspaikkaa): linnassa (30 huonetta), Puutarhatalossa (40 huonetta) ja Valvojan talossa (5 huonetta);<\/li>\n\n\n\n<li>kylpyl\u00e4- ja saunakeskuksen k\u00e4ytt\u00f6 saapumisp\u00e4iv\u00e4n\u00e4 klo 15.00\u201322.00 sek\u00e4 tapahtuman j\u00e4lkeisen\u00e4 aamuna klo 9.00\u201312.00;<\/li>\n\n\n\n<li>juhlallisesti katetut illallisp\u00f6yd\u00e4t ja tarjoilu;<\/li>\n\n\n\n<li>runsas aamiainen tapahtuman j\u00e4lkeisen\u00e4 aamuna;<\/li>\n\n\n\n<li>teemapuiston vierailu aukioloaikoina;<\/li>\n\n\n\n<li>maksuton WiFi ja pys\u00e4k\u00f6inti.<\/li>\n<\/ul>\n\n\n\n<p class=\"has-medium-font-size wp-el\"><strong>Talvihinta alkaen: 13250 \u20ac (ma\u2013to) ja 16900 \u20ac (pe, la)<\/strong><\/p>\n\n\n\n<p class=\"has-medium-font-size wp-el\"><strong>Kes\u00e4hinta alkaen: 22900 \u20ac<\/strong><\/p>\n\n\n\n<p class=\"wp-el\"><em>*Lis\u00e4palvelut: ruokailu, viihdeohjelma.<\/em><\/p>\n\n<\/div><div class=\"body__media\"><div class=\"splide ama_light_gallery_block\" data-splide={\"type\":\"fade\",\"pagination\":false}><div class=\"splide__track\"><ul class=\"splide__list\"><li class=\"splide__slide\"><a href=\"https:\/\/www.wagenkull.ee\/wp-content\/uploads\/2025\/10\/DJI_0697-HDR-1410x939.jpg\"><img decoding=\"async\" width=\"690\" height=\"460\" src=\"https:\/\/www.wagenkull.ee\/wp-content\/uploads\/bis-images\/10466\/DJI_0697-HDR-690x460-f50_50.jpg\" class=\"attachment-690x460\" alt=\"DJI_0697-HDR\" loading=\"lazy\" \/><\/a><\/li><li class=\"splide__slide\"><a href=\"https:\/\/www.wagenkull.ee\/wp-content\/uploads\/2025\/09\/18.05.2024_1_Taavi-Bergmann-1410x940.webp\"><img decoding=\"async\" width=\"690\" height=\"460\" src=\"https:\/\/www.wagenkull.ee\/wp-content\/uploads\/bis-images\/1782\/18.05.2024_1_Taavi-Bergmann-690x460-f50_50.webp\" class=\"attachment-690x460\" alt=\"18.05.2024_1_Taavi-Bergmann\" loading=\"lazy\" \/><\/a><\/li><li class=\"splide__slide\"><a href=\"https:\/\/www.wagenkull.ee\/wp-content\/uploads\/2025\/10\/DJI_0678-1410x939.jpg\"><img decoding=\"async\" width=\"690\" height=\"460\" src=\"https:\/\/www.wagenkull.ee\/wp-content\/uploads\/bis-images\/10456\/DJI_0678-690x460-f50_50.jpg\" class=\"attachment-690x460\" alt=\"DJI_0678\" loading=\"lazy\" \/><\/a><\/li><\/ul><\/div><div class=\"splide__arrows\"><button class=\"splide__arrow splide__arrow--prev\"><svg xmlns=\"http:\/\/www.w3.org\/2000\/svg\" width=\"16\" height=\"12\" viewBox=\"0 0 16 12\"><path d=\"M-2456.747-3425.252a.8.8,0,0,0,0-1.212l-4.04-3.679h11.845A.9.9,0,0,0-2448-3431a.9.9,0,0,0-.941-.857h-11.844l4.039-3.679a.8.8,0,0,0,0-1.212,1.007,1.007,0,0,0-1.331,0l-5.647,5.142a.8.8,0,0,0,0,1.213l5.647,5.142a.99.99,0,0,0,.666.251A.989.989,0,0,0-2456.747-3425.252Z\" transform=\"translate(2464.001 3437.001)\" fill=\"currentColor\"\/><\/svg><\/button><button class=\"splide__arrow splide__arrow--next\"><svg xmlns=\"http:\/\/www.w3.org\/2000\/svg\" width=\"16\" height=\"12\" viewBox=\"0 0 16 12\"><path d=\"M-2455.254-3425.252a.8.8,0,0,1,0-1.212l4.04-3.679h-11.845A.9.9,0,0,1-2464-3431a.9.9,0,0,1,.941-.857h11.844l-4.039-3.679a.8.8,0,0,1,0-1.212,1.007,1.007,0,0,1,1.331,0l5.647,5.142a.8.8,0,0,1,0,1.213l-5.647,5.142a.99.99,0,0,1-.666.251A.989.989,0,0,1-2455.254-3425.252Z\" transform=\"translate(2464.001 3437.001)\" fill=\"currentColor\"\/><\/svg><\/button><\/div><\/div><\/div><\/div><\/div>","protected":false},"excerpt":{"rendered":"<p>Varaa Wagenk\u00fcllin linnakylpyl\u00e4 \u2013 juuri sellaisena kuin sinulle sopii Wagenk\u00fcllin hotellikompleksissa tarjoamme joustavia mahdollisuuksia jokaista tilaisuutta varten \u2013 olipa kyseess\u00e4&#8230;<\/p>\n","protected":false},"author":1,"featured_media":0,"parent":14027,"menu_order":188,"comment_status":"closed","ping_status":"closed","template":"","meta":{"_acf_changed":false,"inline_featured_image":false,"footnotes":""},"class_list":["post-13979","page","type-page","status-publish","hentry"],"acf":[],"_links":{"self":[{"href":"https:\/\/www.wagenkull.ee\/fi\/wp-json\/wp\/v2\/pages\/13979","targetHints":{"allow":["GET"]}}],"collection":[{"href":"https:\/\/www.wagenkull.ee\/fi\/wp-json\/wp\/v2\/pages"}],"about":[{"href":"https:\/\/www.wagenkull.ee\/fi\/wp-json\/wp\/v2\/types\/page"}],"author":[{"embeddable":true,"href":"https:\/\/www.wagenkull.ee\/fi\/wp-json\/wp\/v2\/users\/1"}],"replies":[{"embeddable":true,"href":"https:\/\/www.wagenkull.ee\/fi\/wp-json\/wp\/v2\/comments?post=13979"}],"version-history":[{"count":1,"href":"https:\/\/www.wagenkull.ee\/fi\/wp-json\/wp\/v2\/pages\/13979\/revisions"}],"predecessor-version":[{"id":14263,"href":"https:\/\/www.wagenkull.ee\/fi\/wp-json\/wp\/v2\/pages\/13979\/revisions\/14263"}],"up":[{"embeddable":true,"href":"https:\/\/www.wagenkull.ee\/fi\/wp-json\/wp\/v2\/pages\/14027"}],"wp:attachment":[{"href":"https:\/\/www.wagenkull.ee\/fi\/wp-json\/wp\/v2\/media?parent=13979"}],"curies":[{"name":"wp","href":"https:\/\/api.w.org\/{rel}","templated":true}]}}